{"id":196983,"date":"2025-06-10T09:02:15","date_gmt":"2025-06-10T07:02:30","guid":{"rendered":"https:\/\/www.laperlavalles.cat\/product\/camille-rose-curl-love-moisture-milk-8oz\/"},"modified":"2025-06-10T14:22:07","modified_gmt":"2025-06-10T12:22:07","slug":"camille-rose-curl-love-moisture-milk-8oz","status":"publish","type":"product","link":"https:\/\/www.laperlavalles.cat\/fr\/produit\/camille-rose-curl-love-moisture-milk-8oz\/","title":{"rendered":"CAMILLE ROSE CURL LOVE MOISTURE MILK 8OZ"},"content":{"rendered":"<p>Lait hydratant sans rin\u00e7age pour cheveux boucl\u00e9s, \u00e0 base de lait de riz et d\u2019huile de macadamia, qui nourrit, adoucit et aide \u00e0 d\u00e9finir la boucle. Pr\u00e9vient la casse, facilite le d\u00e9m\u00ealage et apporte des vitamines A, D et B12. Parfait pour hydrater et allonger la forme naturelle des cheveux, sur cheveux mouill\u00e9s ou secs<\/p>\n","protected":false},"excerpt":{"rendered":"<p>Lait hydratant sans rin\u00e7age pour cheveux boucl\u00e9s, \u00e0 base de lait de riz et d\u2019huile de macadamia, qui nourrit, adoucit et aide \u00e0 d\u00e9finir la boucle.<span class=\"excerpt-hellip\"> [\u2026]<\/span><\/p>\n","protected":false},"featured_media":196966,"comment_status":"open","ping_status":"closed","template":"","meta":[],"product_cat":[8461,24331],"product_tag":[],"_links":{"self":[{"href":"https:\/\/www.laperlavalles.cat\/fr\/wp-json\/wp\/v2\/product\/196983"}],"collection":[{"href":"https:\/\/www.laperlavalles.cat\/fr\/wp-json\/wp\/v2\/product"}],"about":[{"href":"https:\/\/www.laperlavalles.cat\/fr\/wp-json\/wp\/v2\/types\/product"}],"replies":[{"embeddable":true,"href":"https:\/\/www.laperlavalles.cat\/fr\/wp-json\/wp\/v2\/comments?post=196983"}],"wp:featuredmedia":[{"embeddable":true,"href":"https:\/\/www.laperlavalles.cat\/fr\/wp-json\/wp\/v2\/media\/196966"}],"wp:attachment":[{"href":"https:\/\/www.laperlavalles.cat\/fr\/wp-json\/wp\/v2\/media?parent=196983"}],"wp:term":[{"taxonomy":"product_cat","embeddable":true,"href":"https:\/\/www.laperlavalles.cat\/fr\/wp-json\/wp\/v2\/product_cat?post=196983"},{"taxonomy":"product_tag","embeddable":true,"href":"https:\/\/www.laperlavalles.cat\/fr\/wp-json\/wp\/v2\/product_tag?post=196983"}],"curies":[{"name":"wp","href":"https:\/\/api.w.org\/{rel}","templated":true}]}}