{"id":197003,"date":"2025-06-10T09:03:32","date_gmt":"2025-06-10T07:03:49","guid":{"rendered":"https:\/\/www.laperlavalles.cat\/product\/camille-rose-curlaide-moisture-butter-8oz\/"},"modified":"2025-06-10T14:23:24","modified_gmt":"2025-06-10T12:23:24","slug":"camille-rose-curlaide-moisture-butter-8oz","status":"publish","type":"product","link":"https:\/\/www.laperlavalles.cat\/fr\/produit\/camille-rose-curlaide-moisture-butter-8oz\/","title":{"rendered":"CAMILLE ROSE CURLAIDE MOISTURE BUTTER 8OZ"},"content":{"rendered":"<p>Beurre capillaire nourrissant et adoucissant pour cheveux boucl\u00e9s, ondul\u00e9s ou cr\u00e9pus. Formul\u00e9 avec de l\u2019huile de macadamia, de l\u2019huile de jojoba, du lait de riz, du th\u00e9 vert et de l\u2019extrait d\u2019orme (slippery elm), il hydrate intens\u00e9ment, facilite le coiffage et apporte douceur et brillance. Enrichi en aloe vera, vitamine C et notes sucr\u00e9es de vanille et macadamia. Id\u00e9al pour d\u00e9finir, nourrir et prot\u00e9ger les cheveux, aussi bien pour les twist-outs, tresses, locks ou pour hydrater les pointes s\u00e8ches. S\u2019utilise sur cheveux humides ou secs<\/p>\n","protected":false},"excerpt":{"rendered":"<p>Beurre capillaire nourrissant et adoucissant pour cheveux boucl\u00e9s, ondul\u00e9s ou cr\u00e9pus. Formul\u00e9 avec de l\u2019huile de macadamia, de l\u2019huile de jojoba, du lait de riz, du<span class=\"excerpt-hellip\"> [\u2026]<\/span><\/p>\n","protected":false},"featured_media":196986,"comment_status":"open","ping_status":"closed","template":"","meta":[],"product_cat":[8461,24331],"product_tag":[],"_links":{"self":[{"href":"https:\/\/www.laperlavalles.cat\/fr\/wp-json\/wp\/v2\/product\/197003"}],"collection":[{"href":"https:\/\/www.laperlavalles.cat\/fr\/wp-json\/wp\/v2\/product"}],"about":[{"href":"https:\/\/www.laperlavalles.cat\/fr\/wp-json\/wp\/v2\/types\/product"}],"replies":[{"embeddable":true,"href":"https:\/\/www.laperlavalles.cat\/fr\/wp-json\/wp\/v2\/comments?post=197003"}],"wp:featuredmedia":[{"embeddable":true,"href":"https:\/\/www.laperlavalles.cat\/fr\/wp-json\/wp\/v2\/media\/196986"}],"wp:attachment":[{"href":"https:\/\/www.laperlavalles.cat\/fr\/wp-json\/wp\/v2\/media?parent=197003"}],"wp:term":[{"taxonomy":"product_cat","embeddable":true,"href":"https:\/\/www.laperlavalles.cat\/fr\/wp-json\/wp\/v2\/product_cat?post=197003"},{"taxonomy":"product_tag","embeddable":true,"href":"https:\/\/www.laperlavalles.cat\/fr\/wp-json\/wp\/v2\/product_tag?post=197003"}],"curies":[{"name":"wp","href":"https:\/\/api.w.org\/{rel}","templated":true}]}}