{"id":197043,"date":"2025-06-10T09:06:11","date_gmt":"2025-06-10T07:06:26","guid":{"rendered":"https:\/\/www.laperlavalles.cat\/product\/camille-rose-aloe-whipped-butter-gel-8oz\/"},"modified":"2025-06-10T14:25:56","modified_gmt":"2025-06-10T12:25:56","slug":"camille-rose-aloe-whipped-butter-gel-8oz","status":"publish","type":"product","link":"https:\/\/www.laperlavalles.cat\/fr\/produit\/camille-rose-aloe-whipped-butter-gel-8oz\/","title":{"rendered":"CAMILLE ROSE ALOE WHIPPED BUTTER GEL 8OZ"},"content":{"rendered":"<p>Gel-beurre l\u00e9ger et soyeux pour cheveux boucl\u00e9s, ondul\u00e9s ou cr\u00e9pus. Formul\u00e9 avec de l\u2019aloe vera, des huiles de macadamia, amande, jojoba, avocat et ricin, ainsi que des extraits de th\u00e9 vert, orme et romarin, il hydrate en profondeur, d\u00e9finit et offre une fixation souple sans frisottis ni r\u00e9sidus. Nourrit, adoucit, facilite le coiffage et prot\u00e8ge les cheveux de la casse. Peut s\u2019utiliser comme gel de d\u00e9finition ou en leave-in pour une douceur et une brillance naturelles<\/p>\n","protected":false},"excerpt":{"rendered":"<p>Gel-beurre l\u00e9ger et soyeux pour cheveux boucl\u00e9s, ondul\u00e9s ou cr\u00e9pus. Formul\u00e9 avec de l\u2019aloe vera, des huiles de macadamia, amande, jojoba, avocat et ricin, ainsi que<span class=\"excerpt-hellip\"> [\u2026]<\/span><\/p>\n","protected":false},"featured_media":197026,"comment_status":"open","ping_status":"closed","template":"","meta":[],"product_cat":[8461,24331],"product_tag":[],"_links":{"self":[{"href":"https:\/\/www.laperlavalles.cat\/fr\/wp-json\/wp\/v2\/product\/197043"}],"collection":[{"href":"https:\/\/www.laperlavalles.cat\/fr\/wp-json\/wp\/v2\/product"}],"about":[{"href":"https:\/\/www.laperlavalles.cat\/fr\/wp-json\/wp\/v2\/types\/product"}],"replies":[{"embeddable":true,"href":"https:\/\/www.laperlavalles.cat\/fr\/wp-json\/wp\/v2\/comments?post=197043"}],"wp:featuredmedia":[{"embeddable":true,"href":"https:\/\/www.laperlavalles.cat\/fr\/wp-json\/wp\/v2\/media\/197026"}],"wp:attachment":[{"href":"https:\/\/www.laperlavalles.cat\/fr\/wp-json\/wp\/v2\/media?parent=197043"}],"wp:term":[{"taxonomy":"product_cat","embeddable":true,"href":"https:\/\/www.laperlavalles.cat\/fr\/wp-json\/wp\/v2\/product_cat?post=197043"},{"taxonomy":"product_tag","embeddable":true,"href":"https:\/\/www.laperlavalles.cat\/fr\/wp-json\/wp\/v2\/product_tag?post=197043"}],"curies":[{"name":"wp","href":"https:\/\/api.w.org\/{rel}","templated":true}]}}