{"id":197063,"date":"2025-06-10T09:07:28","date_gmt":"2025-06-10T07:07:44","guid":{"rendered":"https:\/\/www.laperlavalles.cat\/product\/camille-rose-curl-maker-defining-jelly-12oz\/"},"modified":"2025-06-10T14:27:14","modified_gmt":"2025-06-10T12:27:14","slug":"camille-rose-curl-maker-defining-jelly-12oz","status":"publish","type":"product","link":"https:\/\/www.laperlavalles.cat\/fr\/produit\/camille-rose-curl-maker-defining-jelly-12oz\/","title":{"rendered":"CAMILLE ROSE CURL MAKER DEFINING JELLY 12OZ"},"content":{"rendered":"<p>Gel coiffant l\u00e9ger de type jelly pour cheveux boucl\u00e9s, ondul\u00e9s ou cr\u00e9pus. Formul\u00e9 avec racine de guimauve, nectar d\u2019agave, aloe vera, huile de coco et ortie, il hydrate intens\u00e9ment, apporte de la brillance et facilite le d\u00e9m\u00ealage. Offre une d\u00e9finition longue dur\u00e9e sans frisottis, avec une fixation souple, sans r\u00e9sidus ni effet cartonn\u00e9. Id\u00e9al pour tous types de boucles, particuli\u00e8rement les cheveux \u00e0 faible ou moyenne porosit\u00e9.<\/p>\n","protected":false},"excerpt":{"rendered":"<p>Gel coiffant l\u00e9ger de type jelly pour cheveux boucl\u00e9s, ondul\u00e9s ou cr\u00e9pus. Formul\u00e9 avec racine de guimauve, nectar d\u2019agave, aloe vera, huile de coco et ortie,<span class=\"excerpt-hellip\"> [\u2026]<\/span><\/p>\n","protected":false},"featured_media":197046,"comment_status":"open","ping_status":"closed","template":"","meta":[],"product_cat":[8461,24331],"product_tag":[],"_links":{"self":[{"href":"https:\/\/www.laperlavalles.cat\/fr\/wp-json\/wp\/v2\/product\/197063"}],"collection":[{"href":"https:\/\/www.laperlavalles.cat\/fr\/wp-json\/wp\/v2\/product"}],"about":[{"href":"https:\/\/www.laperlavalles.cat\/fr\/wp-json\/wp\/v2\/types\/product"}],"replies":[{"embeddable":true,"href":"https:\/\/www.laperlavalles.cat\/fr\/wp-json\/wp\/v2\/comments?post=197063"}],"wp:featuredmedia":[{"embeddable":true,"href":"https:\/\/www.laperlavalles.cat\/fr\/wp-json\/wp\/v2\/media\/197046"}],"wp:attachment":[{"href":"https:\/\/www.laperlavalles.cat\/fr\/wp-json\/wp\/v2\/media?parent=197063"}],"wp:term":[{"taxonomy":"product_cat","embeddable":true,"href":"https:\/\/www.laperlavalles.cat\/fr\/wp-json\/wp\/v2\/product_cat?post=197063"},{"taxonomy":"product_tag","embeddable":true,"href":"https:\/\/www.laperlavalles.cat\/fr\/wp-json\/wp\/v2\/product_tag?post=197063"}],"curies":[{"name":"wp","href":"https:\/\/api.w.org\/{rel}","templated":true}]}}