{"id":197183,"date":"2025-06-10T09:15:38","date_gmt":"2025-06-10T07:15:54","guid":{"rendered":"https:\/\/www.laperlavalles.cat\/product\/sedal-hydrateshine-shampooing-400ml\/"},"modified":"2025-07-01T17:02:38","modified_gmt":"2025-07-01T15:02:38","slug":"sedal-hydrateshine-shampooing-400ml","status":"publish","type":"product","link":"https:\/\/www.laperlavalles.cat\/fr\/produit\/sedal-hydrateshine-shampooing-400ml\/","title":{"rendered":"SEDAL HYDRATE&amp;SHINE SHAMPOOING 400ML"},"content":{"rendered":"<p>Shampooing hydratant con\u00e7u pour les cheveux secs ou ternes. Enrichi en agents hydratants et nutriments essentiels, il nettoie en profondeur tout en restaurant la douceur, la brillance et la maniabilit\u00e9 des cheveux. Aide \u00e0 pr\u00e9venir la s\u00e9cheresse, facilite le coiffage et laisse les cheveux doux et revitalis\u00e9s apr\u00e8s chaque lavage. Id\u00e9al pour un usage quotidien<\/p>\n","protected":false},"excerpt":{"rendered":"<p>Shampooing hydratant con\u00e7u pour les cheveux secs ou ternes. Enrichi en agents hydratants et nutriments essentiels, il nettoie en profondeur tout en restaurant la douceur, la<span class=\"excerpt-hellip\"> [\u2026]<\/span><\/p>\n","protected":false},"featured_media":197166,"comment_status":"open","ping_status":"closed","template":"","meta":[],"product_cat":[8461,24331],"product_tag":[],"_links":{"self":[{"href":"https:\/\/www.laperlavalles.cat\/fr\/wp-json\/wp\/v2\/product\/197183"}],"collection":[{"href":"https:\/\/www.laperlavalles.cat\/fr\/wp-json\/wp\/v2\/product"}],"about":[{"href":"https:\/\/www.laperlavalles.cat\/fr\/wp-json\/wp\/v2\/types\/product"}],"replies":[{"embeddable":true,"href":"https:\/\/www.laperlavalles.cat\/fr\/wp-json\/wp\/v2\/comments?post=197183"}],"wp:featuredmedia":[{"embeddable":true,"href":"https:\/\/www.laperlavalles.cat\/fr\/wp-json\/wp\/v2\/media\/197166"}],"wp:attachment":[{"href":"https:\/\/www.laperlavalles.cat\/fr\/wp-json\/wp\/v2\/media?parent=197183"}],"wp:term":[{"taxonomy":"product_cat","embeddable":true,"href":"https:\/\/www.laperlavalles.cat\/fr\/wp-json\/wp\/v2\/product_cat?post=197183"},{"taxonomy":"product_tag","embeddable":true,"href":"https:\/\/www.laperlavalles.cat\/fr\/wp-json\/wp\/v2\/product_tag?post=197183"}],"curies":[{"name":"wp","href":"https:\/\/api.w.org\/{rel}","templated":true}]}}