{"id":197243,"date":"2025-06-10T09:20:27","date_gmt":"2025-06-10T07:20:44","guid":{"rendered":"https:\/\/www.laperlavalles.cat\/product\/aunt-jackies-elixir-palmetto-jbco-grapessed-oil-59ml\/"},"modified":"2025-09-22T15:06:26","modified_gmt":"2025-09-22T13:06:26","slug":"aunt-jackies-elixir-palmetto-jbco-grapessed-oil-59ml","status":"publish","type":"product","link":"https:\/\/www.laperlavalles.cat\/fr\/produit\/aunt-jackies-elixir-palmetto-jbco-grapessed-oil-59ml\/","title":{"rendered":"AUNT JACKIE&rsquo;S ELIXIR PALMETTO, JBCO &amp; GRAPESSED OIL 59ML"},"content":{"rendered":"<p>\u00c9lixir d\u2019huiles naturelles pour cheveux et cuir chevelu, enrichi en palmier nain, huile de ricin noire de Jama\u00efque et huile de p\u00e9pins de raisin. Aide \u00e0 retenir la longueur, nourrir et \u00e9paissir les cheveux, et sceller l\u2019hydratation pour am\u00e9liorer la sant\u00e9 capillaire. Offre une sensation rafra\u00eechissante et apaise le cuir chevelu. Convient \u00e0 tous types de cheveux et \u00e0 un usage quotidien, notamment pour renforcer, apporter de la brillance et r\u00e9duire la chute<\/p>\n","protected":false},"excerpt":{"rendered":"<p>\u00c9lixir d\u2019huiles naturelles pour cheveux et cuir chevelu, enrichi en palmier nain, huile de ricin noire de Jama\u00efque et huile de p\u00e9pins de raisin. Aide \u00e0<span class=\"excerpt-hellip\"> [\u2026]<\/span><\/p>\n","protected":false},"featured_media":197226,"comment_status":"open","ping_status":"closed","template":"","meta":[],"product_cat":[8461,24331],"product_tag":[],"_links":{"self":[{"href":"https:\/\/www.laperlavalles.cat\/fr\/wp-json\/wp\/v2\/product\/197243"}],"collection":[{"href":"https:\/\/www.laperlavalles.cat\/fr\/wp-json\/wp\/v2\/product"}],"about":[{"href":"https:\/\/www.laperlavalles.cat\/fr\/wp-json\/wp\/v2\/types\/product"}],"replies":[{"embeddable":true,"href":"https:\/\/www.laperlavalles.cat\/fr\/wp-json\/wp\/v2\/comments?post=197243"}],"wp:featuredmedia":[{"embeddable":true,"href":"https:\/\/www.laperlavalles.cat\/fr\/wp-json\/wp\/v2\/media\/197226"}],"wp:attachment":[{"href":"https:\/\/www.laperlavalles.cat\/fr\/wp-json\/wp\/v2\/media?parent=197243"}],"wp:term":[{"taxonomy":"product_cat","embeddable":true,"href":"https:\/\/www.laperlavalles.cat\/fr\/wp-json\/wp\/v2\/product_cat?post=197243"},{"taxonomy":"product_tag","embeddable":true,"href":"https:\/\/www.laperlavalles.cat\/fr\/wp-json\/wp\/v2\/product_tag?post=197243"}],"curies":[{"name":"wp","href":"https:\/\/api.w.org\/{rel}","templated":true}]}}