{"id":197263,"date":"2025-06-10T09:20:51","date_gmt":"2025-06-10T07:21:10","guid":{"rendered":"https:\/\/www.laperlavalles.cat\/product\/aunt-jackies-elixir-biotin-rosemary-mint-59ml\/"},"modified":"2025-09-22T15:07:46","modified_gmt":"2025-09-22T13:07:46","slug":"aunt-jackies-elixir-biotin-rosemary-mint-59ml","status":"publish","type":"product","link":"https:\/\/www.laperlavalles.cat\/fr\/produit\/aunt-jackies-elixir-biotin-rosemary-mint-59ml\/","title":{"rendered":"AUNT JACKIE&rsquo;S ELIXIR BIOTIN, ROSEMARY &amp; MINT 59ML"},"content":{"rendered":"<p>\u00c9lixir l\u00e9ger d\u2019huiles naturelles pour cheveux et cuir chevelu, enrichi en biotine, huile essentielle de romarin et menthe. Stimule la pousse, nourrit et \u00e9paissit la fibre capillaire, aide \u00e0 retenir la longueur et r\u00e9duit la casse. Offre une sensation rafra\u00eechissante qui apaise les d\u00e9mangeaisons et am\u00e9liore la sant\u00e9 du cuir chevelu. Convient \u00e0 tous types de cheveux et \u00e0 un usage quotidien, notamment entre les lavages et avec des coiffures protectrices comme les tresses ou les tissages. Appliquer avec la pipette directement sur le cuir chevelu et masser doucement, sans rincer<\/p>\n","protected":false},"excerpt":{"rendered":"<p>\u00c9lixir l\u00e9ger d\u2019huiles naturelles pour cheveux et cuir chevelu, enrichi en biotine, huile essentielle de romarin et menthe. Stimule la pousse, nourrit et \u00e9paissit la fibre<span class=\"excerpt-hellip\"> [\u2026]<\/span><\/p>\n","protected":false},"featured_media":197246,"comment_status":"open","ping_status":"closed","template":"","meta":[],"product_cat":[8461,24331],"product_tag":[],"_links":{"self":[{"href":"https:\/\/www.laperlavalles.cat\/fr\/wp-json\/wp\/v2\/product\/197263"}],"collection":[{"href":"https:\/\/www.laperlavalles.cat\/fr\/wp-json\/wp\/v2\/product"}],"about":[{"href":"https:\/\/www.laperlavalles.cat\/fr\/wp-json\/wp\/v2\/types\/product"}],"replies":[{"embeddable":true,"href":"https:\/\/www.laperlavalles.cat\/fr\/wp-json\/wp\/v2\/comments?post=197263"}],"wp:featuredmedia":[{"embeddable":true,"href":"https:\/\/www.laperlavalles.cat\/fr\/wp-json\/wp\/v2\/media\/197246"}],"wp:attachment":[{"href":"https:\/\/www.laperlavalles.cat\/fr\/wp-json\/wp\/v2\/media?parent=197263"}],"wp:term":[{"taxonomy":"product_cat","embeddable":true,"href":"https:\/\/www.laperlavalles.cat\/fr\/wp-json\/wp\/v2\/product_cat?post=197263"},{"taxonomy":"product_tag","embeddable":true,"href":"https:\/\/www.laperlavalles.cat\/fr\/wp-json\/wp\/v2\/product_tag?post=197263"}],"curies":[{"name":"wp","href":"https:\/\/api.w.org\/{rel}","templated":true}]}}