{"id":197358,"date":"2025-06-10T09:49:11","date_gmt":"2025-06-10T07:49:11","guid":{"rendered":"https:\/\/www.laperlavalles.cat\/product\/caldo-calnort-pescado-1kg-6\/"},"modified":"2025-06-10T09:49:11","modified_gmt":"2025-06-10T07:49:11","slug":"caldo-calnort-pescado-1kg-6","status":"publish","type":"product","link":"https:\/\/www.laperlavalles.cat\/fr\/produit\/caldo-calnort-pescado-1kg-6\/","title":{"rendered":"CALDO CALNORT PESCADO 1KG"},"content":{"rendered":"<p>Bouillon de poisson en poudre, parfait pour enrichir riz, soupes, fideu\u00e1s et plats de poisson ou fruits de mer. Facile et rapide \u00e0 dissoudre, il apporte une saveur intense et naturelle de poisson. Format professionnel 1 kg, sans gluten et certifi\u00e9 halal. Rendement : environ 50 litres par kilo.<\/p>\n","protected":false},"excerpt":{"rendered":"<p>Bouillon de poisson en poudre, parfait pour enrichir riz, soupes, fideu\u00e1s et plats de poisson ou fruits de mer. Facile et rapide \u00e0 dissoudre, il apporte<span class=\"excerpt-hellip\"> [\u2026]<\/span><\/p>\n","protected":false},"featured_media":197354,"comment_status":"open","ping_status":"closed","template":"","meta":[],"product_cat":[36],"product_tag":[],"_links":{"self":[{"href":"https:\/\/www.laperlavalles.cat\/fr\/wp-json\/wp\/v2\/product\/197358"}],"collection":[{"href":"https:\/\/www.laperlavalles.cat\/fr\/wp-json\/wp\/v2\/product"}],"about":[{"href":"https:\/\/www.laperlavalles.cat\/fr\/wp-json\/wp\/v2\/types\/product"}],"replies":[{"embeddable":true,"href":"https:\/\/www.laperlavalles.cat\/fr\/wp-json\/wp\/v2\/comments?post=197358"}],"wp:featuredmedia":[{"embeddable":true,"href":"https:\/\/www.laperlavalles.cat\/fr\/wp-json\/wp\/v2\/media\/197354"}],"wp:attachment":[{"href":"https:\/\/www.laperlavalles.cat\/fr\/wp-json\/wp\/v2\/media?parent=197358"}],"wp:term":[{"taxonomy":"product_cat","embeddable":true,"href":"https:\/\/www.laperlavalles.cat\/fr\/wp-json\/wp\/v2\/product_cat?post=197358"},{"taxonomy":"product_tag","embeddable":true,"href":"https:\/\/www.laperlavalles.cat\/fr\/wp-json\/wp\/v2\/product_tag?post=197358"}],"curies":[{"name":"wp","href":"https:\/\/api.w.org\/{rel}","templated":true}]}}