{"id":197423,"date":"2025-06-10T09:54:22","date_gmt":"2025-06-10T07:54:22","guid":{"rendered":"https:\/\/www.laperlavalles.cat\/product\/calnort-bouillon-de-crevette-1kg-3\/"},"modified":"2025-06-10T09:54:22","modified_gmt":"2025-06-10T07:54:22","slug":"calnort-bouillon-de-crevette-1kg-3","status":"publish","type":"product","link":"https:\/\/www.laperlavalles.cat\/fr\/produit\/calnort-bouillon-de-crevette-1kg-3\/","title":{"rendered":"CALNORT BOUILLON DE CREVETTE 1KG"},"content":{"rendered":"<p>Bouillon de crevette en poudre, id\u00e9al pour enrichir riz, fideu\u00e1s, soupes et plats de poisson ou fruits de mer. Facile \u00e0 dissoudre, il donne une saveur intense et naturelle de crevette. Format professionnel 1 kg, sans gluten. Rendement : environ 50 litres par kilo.<\/p>\n","protected":false},"excerpt":{"rendered":"<p>Bouillon de crevette en poudre, id\u00e9al pour enrichir riz, fideu\u00e1s, soupes et plats de poisson ou fruits de mer. Facile \u00e0 dissoudre, il donne une saveur<span class=\"excerpt-hellip\"> [\u2026]<\/span><\/p>\n","protected":false},"featured_media":197419,"comment_status":"open","ping_status":"closed","template":"","meta":[],"product_cat":[36],"product_tag":[],"_links":{"self":[{"href":"https:\/\/www.laperlavalles.cat\/fr\/wp-json\/wp\/v2\/product\/197423"}],"collection":[{"href":"https:\/\/www.laperlavalles.cat\/fr\/wp-json\/wp\/v2\/product"}],"about":[{"href":"https:\/\/www.laperlavalles.cat\/fr\/wp-json\/wp\/v2\/types\/product"}],"replies":[{"embeddable":true,"href":"https:\/\/www.laperlavalles.cat\/fr\/wp-json\/wp\/v2\/comments?post=197423"}],"wp:featuredmedia":[{"embeddable":true,"href":"https:\/\/www.laperlavalles.cat\/fr\/wp-json\/wp\/v2\/media\/197419"}],"wp:attachment":[{"href":"https:\/\/www.laperlavalles.cat\/fr\/wp-json\/wp\/v2\/media?parent=197423"}],"wp:term":[{"taxonomy":"product_cat","embeddable":true,"href":"https:\/\/www.laperlavalles.cat\/fr\/wp-json\/wp\/v2\/product_cat?post=197423"},{"taxonomy":"product_tag","embeddable":true,"href":"https:\/\/www.laperlavalles.cat\/fr\/wp-json\/wp\/v2\/product_tag?post=197423"}],"curies":[{"name":"wp","href":"https:\/\/api.w.org\/{rel}","templated":true}]}}