{"id":197548,"date":"2025-06-10T10:06:11","date_gmt":"2025-06-10T08:06:11","guid":{"rendered":"https:\/\/www.laperlavalles.cat\/product\/calnort-bouillon-dagneau-1kg-4\/"},"modified":"2025-06-10T10:06:11","modified_gmt":"2025-06-10T08:06:11","slug":"calnort-bouillon-dagneau-1kg-4","status":"publish","type":"product","link":"https:\/\/www.laperlavalles.cat\/fr\/produit\/calnort-bouillon-dagneau-1kg-4\/","title":{"rendered":"CALNORT BOUILLON D\u2019AGNEAU 1KG"},"content":{"rendered":"<p>Bouillon d\u2019agneau en poudre, id\u00e9al pour enrichir rago\u00fbts, riz, soupes et plats de viande. Se dissout facilement et apporte une saveur intense et authentique d\u2019agneau. Format professionnel 1 kg, adapt\u00e9 \u00e0 la restauration et aux grandes cuisines. Sans gluten et certifi\u00e9 halal, selon la gamme Calnort<\/p>\n","protected":false},"excerpt":{"rendered":"<p>Bouillon d\u2019agneau en poudre, id\u00e9al pour enrichir rago\u00fbts, riz, soupes et plats de viande. Se dissout facilement et apporte une saveur intense et authentique d\u2019agneau. Format<span class=\"excerpt-hellip\"> [\u2026]<\/span><\/p>\n","protected":false},"featured_media":197544,"comment_status":"open","ping_status":"closed","template":"","meta":[],"product_cat":[36],"product_tag":[],"_links":{"self":[{"href":"https:\/\/www.laperlavalles.cat\/fr\/wp-json\/wp\/v2\/product\/197548"}],"collection":[{"href":"https:\/\/www.laperlavalles.cat\/fr\/wp-json\/wp\/v2\/product"}],"about":[{"href":"https:\/\/www.laperlavalles.cat\/fr\/wp-json\/wp\/v2\/types\/product"}],"replies":[{"embeddable":true,"href":"https:\/\/www.laperlavalles.cat\/fr\/wp-json\/wp\/v2\/comments?post=197548"}],"wp:featuredmedia":[{"embeddable":true,"href":"https:\/\/www.laperlavalles.cat\/fr\/wp-json\/wp\/v2\/media\/197544"}],"wp:attachment":[{"href":"https:\/\/www.laperlavalles.cat\/fr\/wp-json\/wp\/v2\/media?parent=197548"}],"wp:term":[{"taxonomy":"product_cat","embeddable":true,"href":"https:\/\/www.laperlavalles.cat\/fr\/wp-json\/wp\/v2\/product_cat?post=197548"},{"taxonomy":"product_tag","embeddable":true,"href":"https:\/\/www.laperlavalles.cat\/fr\/wp-json\/wp\/v2\/product_tag?post=197548"}],"curies":[{"name":"wp","href":"https:\/\/api.w.org\/{rel}","templated":true}]}}