{"id":197643,"date":"2025-06-10T10:14:32","date_gmt":"2025-06-10T08:14:32","guid":{"rendered":"https:\/\/www.laperlavalles.cat\/product\/calnort-bouillon-vegetal-1kg-3\/"},"modified":"2025-06-10T10:14:32","modified_gmt":"2025-06-10T08:14:32","slug":"calnort-bouillon-vegetal-1kg-3","status":"publish","type":"product","link":"https:\/\/www.laperlavalles.cat\/fr\/produit\/calnort-bouillon-vegetal-1kg-3\/","title":{"rendered":"CALNORT BOUILLON V\u00c9G\u00c9TAL 1KG"},"content":{"rendered":"<p>Bouillon v\u00e9g\u00e9tal en poudre, id\u00e9al pour enrichir soupes, riz, rago\u00fbts et sauces avec toute la saveur des l\u00e9gumes. Facile \u00e0 dissoudre, convient aux v\u00e9g\u00e9taliens et v\u00e9g\u00e9tariens. Sans gluten et certifi\u00e9 halal. Format professionnel 1 kg, rendement d\u2019environ 50 litres<\/p>\n","protected":false},"excerpt":{"rendered":"<p>Bouillon v\u00e9g\u00e9tal en poudre, id\u00e9al pour enrichir soupes, riz, rago\u00fbts et sauces avec toute la saveur des l\u00e9gumes. Facile \u00e0 dissoudre, convient aux v\u00e9g\u00e9taliens et v\u00e9g\u00e9tariens.<span class=\"excerpt-hellip\"> [\u2026]<\/span><\/p>\n","protected":false},"featured_media":197639,"comment_status":"open","ping_status":"closed","template":"","meta":[],"product_cat":[36],"product_tag":[],"_links":{"self":[{"href":"https:\/\/www.laperlavalles.cat\/fr\/wp-json\/wp\/v2\/product\/197643"}],"collection":[{"href":"https:\/\/www.laperlavalles.cat\/fr\/wp-json\/wp\/v2\/product"}],"about":[{"href":"https:\/\/www.laperlavalles.cat\/fr\/wp-json\/wp\/v2\/types\/product"}],"replies":[{"embeddable":true,"href":"https:\/\/www.laperlavalles.cat\/fr\/wp-json\/wp\/v2\/comments?post=197643"}],"wp:featuredmedia":[{"embeddable":true,"href":"https:\/\/www.laperlavalles.cat\/fr\/wp-json\/wp\/v2\/media\/197639"}],"wp:attachment":[{"href":"https:\/\/www.laperlavalles.cat\/fr\/wp-json\/wp\/v2\/media?parent=197643"}],"wp:term":[{"taxonomy":"product_cat","embeddable":true,"href":"https:\/\/www.laperlavalles.cat\/fr\/wp-json\/wp\/v2\/product_cat?post=197643"},{"taxonomy":"product_tag","embeddable":true,"href":"https:\/\/www.laperlavalles.cat\/fr\/wp-json\/wp\/v2\/product_tag?post=197643"}],"curies":[{"name":"wp","href":"https:\/\/api.w.org\/{rel}","templated":true}]}}