{"id":197788,"date":"2025-06-10T10:29:41","date_gmt":"2025-06-10T08:29:41","guid":{"rendered":"https:\/\/www.laperlavalles.cat\/product\/calnort-bouillon-aroma-1kg-6\/"},"modified":"2025-06-10T10:29:41","modified_gmt":"2025-06-10T08:29:41","slug":"calnort-bouillon-aroma-1kg-6","status":"publish","type":"product","link":"https:\/\/www.laperlavalles.cat\/fr\/produit\/calnort-bouillon-aroma-1kg-6\/","title":{"rendered":"CALNORT BOUILLON AROMA 1KG"},"content":{"rendered":"<p>Bouillon en poudre instantan\u00e9 au go\u00fbt intense et polyvalent, id\u00e9al pour toutes sortes de soupes, rago\u00fbts et plats. Sans gluten et certifi\u00e9 halal, ce produit est con\u00e7u pour la restauration et la cuisine professionnelle. Facilite la pr\u00e9paration de plats avec une saveur riche et \u00e9quilibr\u00e9e. Format 1 kg avec un rendement d\u2019environ 50 litres.<\/p>\n","protected":false},"excerpt":{"rendered":"<p>Bouillon en poudre instantan\u00e9 au go\u00fbt intense et polyvalent, id\u00e9al pour toutes sortes de soupes, rago\u00fbts et plats. Sans gluten et certifi\u00e9 halal, ce produit est<span class=\"excerpt-hellip\"> [\u2026]<\/span><\/p>\n","protected":false},"featured_media":197784,"comment_status":"open","ping_status":"closed","template":"","meta":[],"product_cat":[36],"product_tag":[],"_links":{"self":[{"href":"https:\/\/www.laperlavalles.cat\/fr\/wp-json\/wp\/v2\/product\/197788"}],"collection":[{"href":"https:\/\/www.laperlavalles.cat\/fr\/wp-json\/wp\/v2\/product"}],"about":[{"href":"https:\/\/www.laperlavalles.cat\/fr\/wp-json\/wp\/v2\/types\/product"}],"replies":[{"embeddable":true,"href":"https:\/\/www.laperlavalles.cat\/fr\/wp-json\/wp\/v2\/comments?post=197788"}],"wp:featuredmedia":[{"embeddable":true,"href":"https:\/\/www.laperlavalles.cat\/fr\/wp-json\/wp\/v2\/media\/197784"}],"wp:attachment":[{"href":"https:\/\/www.laperlavalles.cat\/fr\/wp-json\/wp\/v2\/media?parent=197788"}],"wp:term":[{"taxonomy":"product_cat","embeddable":true,"href":"https:\/\/www.laperlavalles.cat\/fr\/wp-json\/wp\/v2\/product_cat?post=197788"},{"taxonomy":"product_tag","embeddable":true,"href":"https:\/\/www.laperlavalles.cat\/fr\/wp-json\/wp\/v2\/product_tag?post=197788"}],"curies":[{"name":"wp","href":"https:\/\/api.w.org\/{rel}","templated":true}]}}