{"id":197898,"date":"2025-06-10T10:40:51","date_gmt":"2025-06-10T08:41:09","guid":{"rendered":"https:\/\/www.laperlavalles.cat\/product\/calnort-bouillon-de-poulet-250g\/"},"modified":"2025-06-10T13:11:17","modified_gmt":"2025-06-10T11:11:17","slug":"calnort-bouillon-de-poulet-250g","status":"publish","type":"product","link":"https:\/\/www.laperlavalles.cat\/fr\/produit\/calnort-bouillon-de-poulet-250g\/","title":{"rendered":"CALNORT BOUILLON DE POULET 250G"},"content":{"rendered":"<p>Bouillon de poulet en poudre, sans gluten et certifi\u00e9 halal, id\u00e9al pour enrichir soupes, riz, rago\u00fbts et sauces. Pr\u00e9par\u00e9 avec des ingr\u00e9dients d\u00e9shydrat\u00e9s comme du poulet, des \u00e9pices et des ar\u00f4mes naturels, il se dissout facilement et apporte une saveur intense et authentique de poulet aux plats. Format pratique de 250 g, rendement d\u2019environ 12,5 litres (20 g par litre)<\/p>\n","protected":false},"excerpt":{"rendered":"<p>Bouillon de poulet en poudre, sans gluten et certifi\u00e9 halal, id\u00e9al pour enrichir soupes, riz, rago\u00fbts et sauces. Pr\u00e9par\u00e9 avec des ingr\u00e9dients d\u00e9shydrat\u00e9s comme du poulet,<span class=\"excerpt-hellip\"> [\u2026]<\/span><\/p>\n","protected":false},"featured_media":197881,"comment_status":"open","ping_status":"closed","template":"","meta":[],"product_cat":[10616],"product_tag":[],"_links":{"self":[{"href":"https:\/\/www.laperlavalles.cat\/fr\/wp-json\/wp\/v2\/product\/197898"}],"collection":[{"href":"https:\/\/www.laperlavalles.cat\/fr\/wp-json\/wp\/v2\/product"}],"about":[{"href":"https:\/\/www.laperlavalles.cat\/fr\/wp-json\/wp\/v2\/types\/product"}],"replies":[{"embeddable":true,"href":"https:\/\/www.laperlavalles.cat\/fr\/wp-json\/wp\/v2\/comments?post=197898"}],"wp:featuredmedia":[{"embeddable":true,"href":"https:\/\/www.laperlavalles.cat\/fr\/wp-json\/wp\/v2\/media\/197881"}],"wp:attachment":[{"href":"https:\/\/www.laperlavalles.cat\/fr\/wp-json\/wp\/v2\/media?parent=197898"}],"wp:term":[{"taxonomy":"product_cat","embeddable":true,"href":"https:\/\/www.laperlavalles.cat\/fr\/wp-json\/wp\/v2\/product_cat?post=197898"},{"taxonomy":"product_tag","embeddable":true,"href":"https:\/\/www.laperlavalles.cat\/fr\/wp-json\/wp\/v2\/product_tag?post=197898"}],"curies":[{"name":"wp","href":"https:\/\/api.w.org\/{rel}","templated":true}]}}