{"id":198053,"date":"2025-06-10T10:57:28","date_gmt":"2025-06-10T08:57:28","guid":{"rendered":"https:\/\/www.laperlavalles.cat\/product\/calnort-bouillon-de-viande-36-cubes-6\/"},"modified":"2025-06-10T10:57:28","modified_gmt":"2025-06-10T08:57:28","slug":"calnort-bouillon-de-viande-36-cubes-6","status":"publish","type":"product","link":"https:\/\/www.laperlavalles.cat\/fr\/produit\/calnort-bouillon-de-viande-36-cubes-6\/","title":{"rendered":"CALNORT BOUILLON DE VIANDE 36 CUBES"},"content":{"rendered":"<p>\u00c9tui de 36 cubes de bouillon de viande Calnort, sans gluten et certifi\u00e9 halal. Id\u00e9al pour enrichir soupes, riz, rago\u00fbts et sauces avec une saveur intense et authentique de viande. Se dissolvent facilement et sont pratiques pour un usage quotidien \u00e0 la maison ou en restauration.<\/p>\n","protected":false},"excerpt":{"rendered":"<p>\u00c9tui de 36 cubes de bouillon de viande Calnort, sans gluten et certifi\u00e9 halal. Id\u00e9al pour enrichir soupes, riz, rago\u00fbts et sauces avec une saveur intense<span class=\"excerpt-hellip\"> [\u2026]<\/span><\/p>\n","protected":false},"featured_media":198049,"comment_status":"open","ping_status":"closed","template":"","meta":[],"product_cat":[36],"product_tag":[],"_links":{"self":[{"href":"https:\/\/www.laperlavalles.cat\/fr\/wp-json\/wp\/v2\/product\/198053"}],"collection":[{"href":"https:\/\/www.laperlavalles.cat\/fr\/wp-json\/wp\/v2\/product"}],"about":[{"href":"https:\/\/www.laperlavalles.cat\/fr\/wp-json\/wp\/v2\/types\/product"}],"replies":[{"embeddable":true,"href":"https:\/\/www.laperlavalles.cat\/fr\/wp-json\/wp\/v2\/comments?post=198053"}],"wp:featuredmedia":[{"embeddable":true,"href":"https:\/\/www.laperlavalles.cat\/fr\/wp-json\/wp\/v2\/media\/198049"}],"wp:attachment":[{"href":"https:\/\/www.laperlavalles.cat\/fr\/wp-json\/wp\/v2\/media?parent=198053"}],"wp:term":[{"taxonomy":"product_cat","embeddable":true,"href":"https:\/\/www.laperlavalles.cat\/fr\/wp-json\/wp\/v2\/product_cat?post=198053"},{"taxonomy":"product_tag","embeddable":true,"href":"https:\/\/www.laperlavalles.cat\/fr\/wp-json\/wp\/v2\/product_tag?post=198053"}],"curies":[{"name":"wp","href":"https:\/\/api.w.org\/{rel}","templated":true}]}}