{"id":198118,"date":"2025-06-10T11:01:14","date_gmt":"2025-06-10T09:01:14","guid":{"rendered":"https:\/\/www.laperlavalles.cat\/product\/calnort-bouillon-de-crevette-36-cubes-2\/"},"modified":"2025-06-10T11:01:14","modified_gmt":"2025-06-10T09:01:14","slug":"calnort-bouillon-de-crevette-36-cubes-2","status":"publish","type":"product","link":"https:\/\/www.laperlavalles.cat\/fr\/produit\/calnort-bouillon-de-crevette-36-cubes-2\/","title":{"rendered":"CALNORT BOUILLON DE CREVETTE 36 CUBES"},"content":{"rendered":"<p>\u00c9tui de 36 cubes de bouillon de crevette Calnort (env. 360g), sans gluten et certifi\u00e9 halal. Id\u00e9al pour enrichir soupes, riz, fideu\u00e1s et plats de poisson ou fruits de mer avec une saveur intense et authentique de crevette. Se dissolvent facilement et sont pratiques pour un usage quotidien \u00e0 la maison ou en restauration<\/p>\n","protected":false},"excerpt":{"rendered":"<p>\u00c9tui de 36 cubes de bouillon de crevette Calnort (env. 360g), sans gluten et certifi\u00e9 halal. Id\u00e9al pour enrichir soupes, riz, fideu\u00e1s et plats de poisson<span class=\"excerpt-hellip\"> [\u2026]<\/span><\/p>\n","protected":false},"featured_media":198114,"comment_status":"open","ping_status":"closed","template":"","meta":[],"product_cat":[36],"product_tag":[],"_links":{"self":[{"href":"https:\/\/www.laperlavalles.cat\/fr\/wp-json\/wp\/v2\/product\/198118"}],"collection":[{"href":"https:\/\/www.laperlavalles.cat\/fr\/wp-json\/wp\/v2\/product"}],"about":[{"href":"https:\/\/www.laperlavalles.cat\/fr\/wp-json\/wp\/v2\/types\/product"}],"replies":[{"embeddable":true,"href":"https:\/\/www.laperlavalles.cat\/fr\/wp-json\/wp\/v2\/comments?post=198118"}],"wp:featuredmedia":[{"embeddable":true,"href":"https:\/\/www.laperlavalles.cat\/fr\/wp-json\/wp\/v2\/media\/198114"}],"wp:attachment":[{"href":"https:\/\/www.laperlavalles.cat\/fr\/wp-json\/wp\/v2\/media?parent=198118"}],"wp:term":[{"taxonomy":"product_cat","embeddable":true,"href":"https:\/\/www.laperlavalles.cat\/fr\/wp-json\/wp\/v2\/product_cat?post=198118"},{"taxonomy":"product_tag","embeddable":true,"href":"https:\/\/www.laperlavalles.cat\/fr\/wp-json\/wp\/v2\/product_tag?post=198118"}],"curies":[{"name":"wp","href":"https:\/\/api.w.org\/{rel}","templated":true}]}}