{"id":198318,"date":"2025-06-10T11:16:12","date_gmt":"2025-06-10T09:16:12","guid":{"rendered":"https:\/\/www.laperlavalles.cat\/product\/calnort-bouillon-dagneau-36-cubes-6\/"},"modified":"2025-06-10T11:16:12","modified_gmt":"2025-06-10T09:16:12","slug":"calnort-bouillon-dagneau-36-cubes-6","status":"publish","type":"product","link":"https:\/\/www.laperlavalles.cat\/fr\/produit\/calnort-bouillon-dagneau-36-cubes-6\/","title":{"rendered":"CALNORT BOUILLON D\u2019AGNEAU 36 CUBES"},"content":{"rendered":"<p>\u00c9tui de 36 cubes de bouillon saveur agneau Calnort, sans gluten et certifi\u00e9 halal. Id\u00e9al pour enrichir rago\u00fbts, riz, soupes et plats de viande avec une saveur intense et authentique d\u2019agneau. Chaque cube p\u00e8se 10 g et se dissout facilement, pratique pour la maison ou la restauration.<\/p>\n","protected":false},"excerpt":{"rendered":"<p>\u00c9tui de 36 cubes de bouillon saveur agneau Calnort, sans gluten et certifi\u00e9 halal. Id\u00e9al pour enrichir rago\u00fbts, riz, soupes et plats de viande avec une<span class=\"excerpt-hellip\"> [\u2026]<\/span><\/p>\n","protected":false},"featured_media":198314,"comment_status":"open","ping_status":"closed","template":"","meta":[],"product_cat":[36],"product_tag":[],"_links":{"self":[{"href":"https:\/\/www.laperlavalles.cat\/fr\/wp-json\/wp\/v2\/product\/198318"}],"collection":[{"href":"https:\/\/www.laperlavalles.cat\/fr\/wp-json\/wp\/v2\/product"}],"about":[{"href":"https:\/\/www.laperlavalles.cat\/fr\/wp-json\/wp\/v2\/types\/product"}],"replies":[{"embeddable":true,"href":"https:\/\/www.laperlavalles.cat\/fr\/wp-json\/wp\/v2\/comments?post=198318"}],"wp:featuredmedia":[{"embeddable":true,"href":"https:\/\/www.laperlavalles.cat\/fr\/wp-json\/wp\/v2\/media\/198314"}],"wp:attachment":[{"href":"https:\/\/www.laperlavalles.cat\/fr\/wp-json\/wp\/v2\/media?parent=198318"}],"wp:term":[{"taxonomy":"product_cat","embeddable":true,"href":"https:\/\/www.laperlavalles.cat\/fr\/wp-json\/wp\/v2\/product_cat?post=198318"},{"taxonomy":"product_tag","embeddable":true,"href":"https:\/\/www.laperlavalles.cat\/fr\/wp-json\/wp\/v2\/product_tag?post=198318"}],"curies":[{"name":"wp","href":"https:\/\/api.w.org\/{rel}","templated":true}]}}