{"id":198423,"date":"2025-06-10T11:23:40","date_gmt":"2025-06-10T09:23:40","guid":{"rendered":"https:\/\/www.laperlavalles.cat\/product\/calnort-bouillon-de-poulet-36-cubes-3\/"},"modified":"2025-06-10T11:23:40","modified_gmt":"2025-06-10T09:23:40","slug":"calnort-bouillon-de-poulet-36-cubes-3","status":"publish","type":"product","link":"https:\/\/www.laperlavalles.cat\/fr\/produit\/calnort-bouillon-de-poulet-36-cubes-3\/","title":{"rendered":"CALNORT BOUILLON DE POULET 36 CUBES"},"content":{"rendered":"<p>\u00c9tui de 36 cubes de bouillon de poulet Calnort, sans gluten et certifi\u00e9 halal. Chaque cube p\u00e8se 10 g et se dissout facilement, apportant une saveur intense et authentique de poulet aux soupes, riz, rago\u00fbts et sauces. Format pratique pour la maison ou la restauration.<\/p>\n","protected":false},"excerpt":{"rendered":"<p>\u00c9tui de 36 cubes de bouillon de poulet Calnort, sans gluten et certifi\u00e9 halal. Chaque cube p\u00e8se 10 g et se dissout facilement, apportant une saveur<span class=\"excerpt-hellip\"> [\u2026]<\/span><\/p>\n","protected":false},"featured_media":198419,"comment_status":"open","ping_status":"closed","template":"","meta":[],"product_cat":[36],"product_tag":[],"_links":{"self":[{"href":"https:\/\/www.laperlavalles.cat\/fr\/wp-json\/wp\/v2\/product\/198423"}],"collection":[{"href":"https:\/\/www.laperlavalles.cat\/fr\/wp-json\/wp\/v2\/product"}],"about":[{"href":"https:\/\/www.laperlavalles.cat\/fr\/wp-json\/wp\/v2\/types\/product"}],"replies":[{"embeddable":true,"href":"https:\/\/www.laperlavalles.cat\/fr\/wp-json\/wp\/v2\/comments?post=198423"}],"wp:featuredmedia":[{"embeddable":true,"href":"https:\/\/www.laperlavalles.cat\/fr\/wp-json\/wp\/v2\/media\/198419"}],"wp:attachment":[{"href":"https:\/\/www.laperlavalles.cat\/fr\/wp-json\/wp\/v2\/media?parent=198423"}],"wp:term":[{"taxonomy":"product_cat","embeddable":true,"href":"https:\/\/www.laperlavalles.cat\/fr\/wp-json\/wp\/v2\/product_cat?post=198423"},{"taxonomy":"product_tag","embeddable":true,"href":"https:\/\/www.laperlavalles.cat\/fr\/wp-json\/wp\/v2\/product_tag?post=198423"}],"curies":[{"name":"wp","href":"https:\/\/api.w.org\/{rel}","templated":true}]}}