{"id":198527,"date":"2025-06-10T11:30:51","date_gmt":"2025-06-10T09:31:08","guid":{"rendered":"https:\/\/www.laperlavalles.cat\/product\/vaseline-baume-a-levres-rose-48g\/"},"modified":"2025-07-01T09:32:34","modified_gmt":"2025-07-01T07:32:34","slug":"vaseline-baume-a-levres-rose-48g","status":"publish","type":"product","link":"https:\/\/www.laperlavalles.cat\/fr\/produit\/vaseline-baume-a-levres-rose-48g\/","title":{"rendered":"VASELINE BAUME \u00c0 L\u00c8VRES ROS\u00c9 4,8G"},"content":{"rendered":"<p>Baume \u00e0 l\u00e8vres en stick avec vaseline, huile d\u2019amande douce et huile de rose, sp\u00e9cialement con\u00e7u pour hydrater, prot\u00e9ger et adoucir les l\u00e8vres s\u00e8ches. Offre une hydratation instantan\u00e9e et un soulagement durable, laisse une subtile teinte ros\u00e9e et un parfum d\u00e9licat de rose. Contient de la vitamine E pour garder les l\u00e8vres saines, texture non collante et non grasse. Convient \u00e0 un usage quotidien et \u00e0 tous types de peaux.<\/p>\n","protected":false},"excerpt":{"rendered":"<p>Baume \u00e0 l\u00e8vres en stick avec vaseline, huile d\u2019amande douce et huile de rose, sp\u00e9cialement con\u00e7u pour hydrater, prot\u00e9ger et adoucir les l\u00e8vres s\u00e8ches. Offre une<span class=\"excerpt-hellip\"> [\u2026]<\/span><\/p>\n","protected":false},"featured_media":198501,"comment_status":"open","ping_status":"closed","template":"","meta":[],"product_cat":[8461,8597],"product_tag":[],"_links":{"self":[{"href":"https:\/\/www.laperlavalles.cat\/fr\/wp-json\/wp\/v2\/product\/198527"}],"collection":[{"href":"https:\/\/www.laperlavalles.cat\/fr\/wp-json\/wp\/v2\/product"}],"about":[{"href":"https:\/\/www.laperlavalles.cat\/fr\/wp-json\/wp\/v2\/types\/product"}],"replies":[{"embeddable":true,"href":"https:\/\/www.laperlavalles.cat\/fr\/wp-json\/wp\/v2\/comments?post=198527"}],"wp:featuredmedia":[{"embeddable":true,"href":"https:\/\/www.laperlavalles.cat\/fr\/wp-json\/wp\/v2\/media\/198501"}],"wp:attachment":[{"href":"https:\/\/www.laperlavalles.cat\/fr\/wp-json\/wp\/v2\/media?parent=198527"}],"wp:term":[{"taxonomy":"product_cat","embeddable":true,"href":"https:\/\/www.laperlavalles.cat\/fr\/wp-json\/wp\/v2\/product_cat?post=198527"},{"taxonomy":"product_tag","embeddable":true,"href":"https:\/\/www.laperlavalles.cat\/fr\/wp-json\/wp\/v2\/product_tag?post=198527"}],"curies":[{"name":"wp","href":"https:\/\/api.w.org\/{rel}","templated":true}]}}