{"id":198573,"date":"2025-06-10T11:33:41","date_gmt":"2025-06-10T09:33:57","guid":{"rendered":"https:\/\/www.laperlavalles.cat\/product\/vaseline-stick-a-levres-original-48g\/"},"modified":"2025-07-01T09:42:37","modified_gmt":"2025-07-01T07:42:37","slug":"vaseline-stick-a-levres-original-48g","status":"publish","type":"product","link":"https:\/\/www.laperlavalles.cat\/fr\/produit\/vaseline-stick-a-levres-original-48g\/","title":{"rendered":"VASELINE STICK \u00c0 L\u00c8VRES ORIGINAL 4,8G"},"content":{"rendered":"<p>Stick \u00e0 l\u00e8vres \u00e0 la vaseline pure, con\u00e7u pour hydrater, prot\u00e9ger et adoucir les l\u00e8vres s\u00e8ches ou gerc\u00e9es. Offre une hydratation essentielle, retient l\u2019humidit\u00e9 et laisse les l\u00e8vres douces et saines. Sa formule, enrichie en vitamine E, beurre de karit\u00e9 et huile d\u2019avocat, nourrit et r\u00e9pare, apportant un soulagement imm\u00e9diat et une protection durable. Texture l\u00e9g\u00e8re, non grasse et non collante, parfaite pour un usage quotidien et \u00e0 emporter partout<\/p>\n","protected":false},"excerpt":{"rendered":"<p>Stick \u00e0 l\u00e8vres \u00e0 la vaseline pure, con\u00e7u pour hydrater, prot\u00e9ger et adoucir les l\u00e8vres s\u00e8ches ou gerc\u00e9es. Offre une hydratation essentielle, retient l\u2019humidit\u00e9 et laisse<span class=\"excerpt-hellip\"> [\u2026]<\/span><\/p>\n","protected":false},"featured_media":198556,"comment_status":"open","ping_status":"closed","template":"","meta":[],"product_cat":[8461,8597],"product_tag":[],"_links":{"self":[{"href":"https:\/\/www.laperlavalles.cat\/fr\/wp-json\/wp\/v2\/product\/198573"}],"collection":[{"href":"https:\/\/www.laperlavalles.cat\/fr\/wp-json\/wp\/v2\/product"}],"about":[{"href":"https:\/\/www.laperlavalles.cat\/fr\/wp-json\/wp\/v2\/types\/product"}],"replies":[{"embeddable":true,"href":"https:\/\/www.laperlavalles.cat\/fr\/wp-json\/wp\/v2\/comments?post=198573"}],"wp:featuredmedia":[{"embeddable":true,"href":"https:\/\/www.laperlavalles.cat\/fr\/wp-json\/wp\/v2\/media\/198556"}],"wp:attachment":[{"href":"https:\/\/www.laperlavalles.cat\/fr\/wp-json\/wp\/v2\/media?parent=198573"}],"wp:term":[{"taxonomy":"product_cat","embeddable":true,"href":"https:\/\/www.laperlavalles.cat\/fr\/wp-json\/wp\/v2\/product_cat?post=198573"},{"taxonomy":"product_tag","embeddable":true,"href":"https:\/\/www.laperlavalles.cat\/fr\/wp-json\/wp\/v2\/product_tag?post=198573"}],"curies":[{"name":"wp","href":"https:\/\/api.w.org\/{rel}","templated":true}]}}