{"id":198593,"date":"2025-06-10T11:34:56","date_gmt":"2025-06-10T09:35:14","guid":{"rendered":"https:\/\/www.laperlavalles.cat\/product\/vaseline-lait-corporel-cocoa-radiant-600ml\/"},"modified":"2025-09-22T11:36:02","modified_gmt":"2025-09-22T09:36:02","slug":"vaseline-lait-corporel-cocoa-radiant-600ml","status":"publish","type":"product","link":"https:\/\/www.laperlavalles.cat\/fr\/produit\/vaseline-lait-corporel-cocoa-radiant-600ml\/","title":{"rendered":"VASELINE LAIT CORPOREL COCOA RADIANT 600ML"},"content":{"rendered":"<p>Lait corporel hydratant avec beurre de cacao et micro-gouttes de vaseline, formul\u00e9 pour nourrir intens\u00e9ment, r\u00e9parer et illuminer la peau s\u00e8che ou terne. Offre une hydratation profonde jusqu\u2019\u00e0 48 heures, aide \u00e0 restaurer la barri\u00e8re naturelle de la peau et la laisse douce, souple et \u00e9clatante sans effet gras. Absorption rapide, texture riche mais l\u00e9g\u00e8re, id\u00e9al pour un usage quotidien et toute la famille. Parfum doux et sucr\u00e9 de cacao.<\/p>\n","protected":false},"excerpt":{"rendered":"<p>Lait corporel hydratant avec beurre de cacao et micro-gouttes de vaseline, formul\u00e9 pour nourrir intens\u00e9ment, r\u00e9parer et illuminer la peau s\u00e8che ou terne. Offre une hydratation<span class=\"excerpt-hellip\"> [\u2026]<\/span><\/p>\n","protected":false},"featured_media":198576,"comment_status":"open","ping_status":"closed","template":"","meta":[],"product_cat":[8461,8597],"product_tag":[],"_links":{"self":[{"href":"https:\/\/www.laperlavalles.cat\/fr\/wp-json\/wp\/v2\/product\/198593"}],"collection":[{"href":"https:\/\/www.laperlavalles.cat\/fr\/wp-json\/wp\/v2\/product"}],"about":[{"href":"https:\/\/www.laperlavalles.cat\/fr\/wp-json\/wp\/v2\/types\/product"}],"replies":[{"embeddable":true,"href":"https:\/\/www.laperlavalles.cat\/fr\/wp-json\/wp\/v2\/comments?post=198593"}],"wp:featuredmedia":[{"embeddable":true,"href":"https:\/\/www.laperlavalles.cat\/fr\/wp-json\/wp\/v2\/media\/198576"}],"wp:attachment":[{"href":"https:\/\/www.laperlavalles.cat\/fr\/wp-json\/wp\/v2\/media?parent=198593"}],"wp:term":[{"taxonomy":"product_cat","embeddable":true,"href":"https:\/\/www.laperlavalles.cat\/fr\/wp-json\/wp\/v2\/product_cat?post=198593"},{"taxonomy":"product_tag","embeddable":true,"href":"https:\/\/www.laperlavalles.cat\/fr\/wp-json\/wp\/v2\/product_tag?post=198593"}],"curies":[{"name":"wp","href":"https:\/\/api.w.org\/{rel}","templated":true}]}}