{"id":198613,"date":"2025-06-10T11:36:46","date_gmt":"2025-06-10T09:37:02","guid":{"rendered":"https:\/\/www.laperlavalles.cat\/product\/vaseline-lait-corporel-soothing-hydration-600ml\/"},"modified":"2025-09-22T12:09:45","modified_gmt":"2025-09-22T10:09:45","slug":"vaseline-lait-corporel-soothing-hydration-600ml","status":"publish","type":"product","link":"https:\/\/www.laperlavalles.cat\/fr\/produit\/vaseline-lait-corporel-soothing-hydration-600ml\/","title":{"rendered":"VASELINE LAIT CORPOREL SOOTHING HYDRATION 600ML"},"content":{"rendered":"<p>Lait corporel hydratant avec 1% d\u2019aloe vera et micro-gouttes de vaseline, formul\u00e9 pour apaiser, rafra\u00eechir et hydrater intens\u00e9ment la peau s\u00e8che ou d\u00e9shydrat\u00e9e. Sa texture l\u00e9g\u00e8re s\u2019absorbe rapidement sans laisser de film gras, procurant un soulagement imm\u00e9diat et une sensation de fra\u00eecheur. Les lipides ultra hydratants renforcent la barri\u00e8re naturelle de la peau et maintiennent l\u2019hydratation jusqu\u2019\u00e0 3 semaines avec une utilisation quotidienne. Id\u00e9al au quotidien, surtout apr\u00e8s la douche ou en cas de besoin d\u2019hydratation profonde et d\u2019apaisement.<\/p>\n","protected":false},"excerpt":{"rendered":"<p>Lait corporel hydratant avec 1% d\u2019aloe vera et micro-gouttes de vaseline, formul\u00e9 pour apaiser, rafra\u00eechir et hydrater intens\u00e9ment la peau s\u00e8che ou d\u00e9shydrat\u00e9e. Sa texture l\u00e9g\u00e8re<span class=\"excerpt-hellip\"> [\u2026]<\/span><\/p>\n","protected":false},"featured_media":198596,"comment_status":"open","ping_status":"closed","template":"","meta":[],"product_cat":[8461,8597],"product_tag":[],"_links":{"self":[{"href":"https:\/\/www.laperlavalles.cat\/fr\/wp-json\/wp\/v2\/product\/198613"}],"collection":[{"href":"https:\/\/www.laperlavalles.cat\/fr\/wp-json\/wp\/v2\/product"}],"about":[{"href":"https:\/\/www.laperlavalles.cat\/fr\/wp-json\/wp\/v2\/types\/product"}],"replies":[{"embeddable":true,"href":"https:\/\/www.laperlavalles.cat\/fr\/wp-json\/wp\/v2\/comments?post=198613"}],"wp:featuredmedia":[{"embeddable":true,"href":"https:\/\/www.laperlavalles.cat\/fr\/wp-json\/wp\/v2\/media\/198596"}],"wp:attachment":[{"href":"https:\/\/www.laperlavalles.cat\/fr\/wp-json\/wp\/v2\/media?parent=198613"}],"wp:term":[{"taxonomy":"product_cat","embeddable":true,"href":"https:\/\/www.laperlavalles.cat\/fr\/wp-json\/wp\/v2\/product_cat?post=198613"},{"taxonomy":"product_tag","embeddable":true,"href":"https:\/\/www.laperlavalles.cat\/fr\/wp-json\/wp\/v2\/product_tag?post=198613"}],"curies":[{"name":"wp","href":"https:\/\/api.w.org\/{rel}","templated":true}]}}