{"id":198633,"date":"2025-06-11T08:00:49","date_gmt":"2025-06-11T06:01:09","guid":{"rendered":"https:\/\/www.laperlavalles.cat\/product\/vaseline-lait-corporel-advanced-repair-600ml\/"},"modified":"2025-09-22T12:12:58","modified_gmt":"2025-09-22T10:12:58","slug":"vaseline-lait-corporel-advanced-repair-600ml","status":"publish","type":"product","link":"https:\/\/www.laperlavalles.cat\/fr\/produit\/vaseline-lait-corporel-advanced-repair-600ml\/","title":{"rendered":"VASELINE LAIT CORPOREL ADVANCED REPAIR 600ML"},"content":{"rendered":"<p>Lait corporel intensif pour peaux tr\u00e8s s\u00e8ches, formul\u00e9 avec des micro-gouttes de vaseline jelly et de la glyc\u00e9rine. Offre une hydratation profonde et r\u00e9paratrice, aide \u00e0 restaurer la barri\u00e8re naturelle de la peau et soulage la s\u00e9cheresse d\u00e8s la premi\u00e8re application. Sa texture l\u00e9g\u00e8re et non grasse s\u2019absorbe rapidement, laissant la peau douce, souple et saine. Cliniquement prouv\u00e9 pour r\u00e9parer la peau tr\u00e8s s\u00e8che en 5 jours et maintenir l\u2019hydratation jusqu\u2019\u00e0 48 heures. Id\u00e9al pour un usage quotidien et les peaux sensibles.<\/p>\n","protected":false},"excerpt":{"rendered":"<p>Lait corporel intensif pour peaux tr\u00e8s s\u00e8ches, formul\u00e9 avec des micro-gouttes de vaseline jelly et de la glyc\u00e9rine. Offre une hydratation profonde et r\u00e9paratrice, aide \u00e0<span class=\"excerpt-hellip\"> [\u2026]<\/span><\/p>\n","protected":false},"featured_media":198616,"comment_status":"open","ping_status":"closed","template":"","meta":[],"product_cat":[8461,8597],"product_tag":[],"_links":{"self":[{"href":"https:\/\/www.laperlavalles.cat\/fr\/wp-json\/wp\/v2\/product\/198633"}],"collection":[{"href":"https:\/\/www.laperlavalles.cat\/fr\/wp-json\/wp\/v2\/product"}],"about":[{"href":"https:\/\/www.laperlavalles.cat\/fr\/wp-json\/wp\/v2\/types\/product"}],"replies":[{"embeddable":true,"href":"https:\/\/www.laperlavalles.cat\/fr\/wp-json\/wp\/v2\/comments?post=198633"}],"wp:featuredmedia":[{"embeddable":true,"href":"https:\/\/www.laperlavalles.cat\/fr\/wp-json\/wp\/v2\/media\/198616"}],"wp:attachment":[{"href":"https:\/\/www.laperlavalles.cat\/fr\/wp-json\/wp\/v2\/media?parent=198633"}],"wp:term":[{"taxonomy":"product_cat","embeddable":true,"href":"https:\/\/www.laperlavalles.cat\/fr\/wp-json\/wp\/v2\/product_cat?post=198633"},{"taxonomy":"product_tag","embeddable":true,"href":"https:\/\/www.laperlavalles.cat\/fr\/wp-json\/wp\/v2\/product_tag?post=198633"}],"curies":[{"name":"wp","href":"https:\/\/api.w.org\/{rel}","templated":true}]}}