{"id":198673,"date":"2025-06-11T08:04:17","date_gmt":"2025-06-11T06:04:34","guid":{"rendered":"https:\/\/www.laperlavalles.cat\/product\/vaseline-huile-corporelle-coco-restauratrice-200ml\/"},"modified":"2025-09-22T12:15:56","modified_gmt":"2025-09-22T10:15:56","slug":"vaseline-huile-corporelle-coco-restauratrice-200ml","status":"publish","type":"product","link":"https:\/\/www.laperlavalles.cat\/fr\/produit\/vaseline-huile-corporelle-coco-restauratrice-200ml\/","title":{"rendered":"VASELINE HUILE CORPORELLE COCO RESTAURATRICE 200ML"},"content":{"rendered":"<p>Huile corporelle hydratante enrichie en huile de coco naturelle et micro-gouttes de vaseline jelly, formul\u00e9e pour nourrir intens\u00e9ment, r\u00e9parer et illuminer la peau s\u00e8che ou terne. Procure une hydratation profonde et durable, aide \u00e0 restaurer la barri\u00e8re naturelle de la peau et la laisse douce, souple et \u00e9clatante sans effet gras. Absorption rapide, texture l\u00e9g\u00e8re, id\u00e9ale pour un usage quotidien apr\u00e8s la douche ou d\u00e8s que la peau a besoin d\u2019hydratation. Parfum doux et tropical de noix de coco. Convient \u00e0 tous types de peaux, m\u00eame sensibles<\/p>\n","protected":false},"excerpt":{"rendered":"<p>Huile corporelle hydratante enrichie en huile de coco naturelle et micro-gouttes de vaseline jelly, formul\u00e9e pour nourrir intens\u00e9ment, r\u00e9parer et illuminer la peau s\u00e8che ou terne.<span class=\"excerpt-hellip\"> [\u2026]<\/span><\/p>\n","protected":false},"featured_media":198656,"comment_status":"open","ping_status":"closed","template":"","meta":[],"product_cat":[8461,8597],"product_tag":[],"_links":{"self":[{"href":"https:\/\/www.laperlavalles.cat\/fr\/wp-json\/wp\/v2\/product\/198673"}],"collection":[{"href":"https:\/\/www.laperlavalles.cat\/fr\/wp-json\/wp\/v2\/product"}],"about":[{"href":"https:\/\/www.laperlavalles.cat\/fr\/wp-json\/wp\/v2\/types\/product"}],"replies":[{"embeddable":true,"href":"https:\/\/www.laperlavalles.cat\/fr\/wp-json\/wp\/v2\/comments?post=198673"}],"wp:featuredmedia":[{"embeddable":true,"href":"https:\/\/www.laperlavalles.cat\/fr\/wp-json\/wp\/v2\/media\/198656"}],"wp:attachment":[{"href":"https:\/\/www.laperlavalles.cat\/fr\/wp-json\/wp\/v2\/media?parent=198673"}],"wp:term":[{"taxonomy":"product_cat","embeddable":true,"href":"https:\/\/www.laperlavalles.cat\/fr\/wp-json\/wp\/v2\/product_cat?post=198673"},{"taxonomy":"product_tag","embeddable":true,"href":"https:\/\/www.laperlavalles.cat\/fr\/wp-json\/wp\/v2\/product_tag?post=198673"}],"curies":[{"name":"wp","href":"https:\/\/api.w.org\/{rel}","templated":true}]}}