{"id":198693,"date":"2025-06-11T08:10:49","date_gmt":"2025-06-11T06:11:06","guid":{"rendered":"https:\/\/www.laperlavalles.cat\/product\/vaseline-huile-corporelle-cocoa-radiant-200ml\/"},"modified":"2025-09-22T12:16:56","modified_gmt":"2025-09-22T10:16:56","slug":"vaseline-huile-corporelle-cocoa-radiant-200ml","status":"publish","type":"product","link":"https:\/\/www.laperlavalles.cat\/fr\/produit\/vaseline-huile-corporelle-cocoa-radiant-200ml\/","title":{"rendered":"VASELINE HUILE CORPORELLE COCOA RADIANT 200ML"},"content":{"rendered":"<p>Huile corporelle hydratante formul\u00e9e avec du beurre de cacao 100% naturel et des micro-gouttes de vaseline jelly, con\u00e7ue pour nourrir intens\u00e9ment, r\u00e9parer et illuminer la peau s\u00e8che ou terne. Offre une hydratation profonde et durable, aide \u00e0 restaurer la barri\u00e8re naturelle de la peau et la laisse douce, souple et \u00e9clatante sans effet gras. Sa texture l\u00e9g\u00e8re s\u2019absorbe rapidement et le parfum chaud du cacao offre une exp\u00e9rience sensorielle agr\u00e9able. Id\u00e9al pour les zones s\u00e8ches comme les coudes, genoux et talons, et pour un usage quotidien apr\u00e8s la douche ou d\u00e8s que la peau a besoin d\u2019hydratation. Convient aux peaux sensibles.<\/p>\n","protected":false},"excerpt":{"rendered":"<p>Huile corporelle hydratante formul\u00e9e avec du beurre de cacao 100% naturel et des micro-gouttes de vaseline jelly, con\u00e7ue pour nourrir intens\u00e9ment, r\u00e9parer et illuminer la peau<span class=\"excerpt-hellip\"> [\u2026]<\/span><\/p>\n","protected":false},"featured_media":198676,"comment_status":"open","ping_status":"closed","template":"","meta":[],"product_cat":[8461,8597],"product_tag":[],"_links":{"self":[{"href":"https:\/\/www.laperlavalles.cat\/fr\/wp-json\/wp\/v2\/product\/198693"}],"collection":[{"href":"https:\/\/www.laperlavalles.cat\/fr\/wp-json\/wp\/v2\/product"}],"about":[{"href":"https:\/\/www.laperlavalles.cat\/fr\/wp-json\/wp\/v2\/types\/product"}],"replies":[{"embeddable":true,"href":"https:\/\/www.laperlavalles.cat\/fr\/wp-json\/wp\/v2\/comments?post=198693"}],"wp:featuredmedia":[{"embeddable":true,"href":"https:\/\/www.laperlavalles.cat\/fr\/wp-json\/wp\/v2\/media\/198676"}],"wp:attachment":[{"href":"https:\/\/www.laperlavalles.cat\/fr\/wp-json\/wp\/v2\/media?parent=198693"}],"wp:term":[{"taxonomy":"product_cat","embeddable":true,"href":"https:\/\/www.laperlavalles.cat\/fr\/wp-json\/wp\/v2\/product_cat?post=198693"},{"taxonomy":"product_tag","embeddable":true,"href":"https:\/\/www.laperlavalles.cat\/fr\/wp-json\/wp\/v2\/product_tag?post=198693"}],"curies":[{"name":"wp","href":"https:\/\/api.w.org\/{rel}","templated":true}]}}