{"id":198788,"date":"2025-06-11T08:38:25","date_gmt":"2025-06-11T06:38:25","guid":{"rendered":"https:\/\/www.laperlavalles.cat\/product\/bouillon-de-poulet-promolac-1kg-6\/"},"modified":"2025-06-11T08:38:25","modified_gmt":"2025-06-11T06:38:25","slug":"bouillon-de-poulet-promolac-1kg-6","status":"publish","type":"product","link":"https:\/\/www.laperlavalles.cat\/fr\/produit\/bouillon-de-poulet-promolac-1kg-6\/","title":{"rendered":"BOUILLON DE POULET PROMOLAC 1KG"},"content":{"rendered":"<p>Bouillon de poulet en poudre pour usage professionnel, sans allerg\u00e8nes ni gluten, id\u00e9al pour enrichir soupes, riz, rago\u00fbts et sauces. Facile \u00e0 dissoudre, il apporte une saveur intense et naturelle de poulet. Convient aux r\u00e9gimes sp\u00e9ciaux, sans lactose ni conservateurs. Format restauration 1 kg, rendement d\u2019environ 50 litres. Certifi\u00e9 halal.<\/p>\n","protected":false},"excerpt":{"rendered":"<p>Bouillon de poulet en poudre pour usage professionnel, sans allerg\u00e8nes ni gluten, id\u00e9al pour enrichir soupes, riz, rago\u00fbts et sauces. Facile \u00e0 dissoudre, il apporte une<span class=\"excerpt-hellip\"> [\u2026]<\/span><\/p>\n","protected":false},"featured_media":198784,"comment_status":"open","ping_status":"closed","template":"","meta":[],"product_cat":[36],"product_tag":[],"_links":{"self":[{"href":"https:\/\/www.laperlavalles.cat\/fr\/wp-json\/wp\/v2\/product\/198788"}],"collection":[{"href":"https:\/\/www.laperlavalles.cat\/fr\/wp-json\/wp\/v2\/product"}],"about":[{"href":"https:\/\/www.laperlavalles.cat\/fr\/wp-json\/wp\/v2\/types\/product"}],"replies":[{"embeddable":true,"href":"https:\/\/www.laperlavalles.cat\/fr\/wp-json\/wp\/v2\/comments?post=198788"}],"wp:featuredmedia":[{"embeddable":true,"href":"https:\/\/www.laperlavalles.cat\/fr\/wp-json\/wp\/v2\/media\/198784"}],"wp:attachment":[{"href":"https:\/\/www.laperlavalles.cat\/fr\/wp-json\/wp\/v2\/media?parent=198788"}],"wp:term":[{"taxonomy":"product_cat","embeddable":true,"href":"https:\/\/www.laperlavalles.cat\/fr\/wp-json\/wp\/v2\/product_cat?post=198788"},{"taxonomy":"product_tag","embeddable":true,"href":"https:\/\/www.laperlavalles.cat\/fr\/wp-json\/wp\/v2\/product_tag?post=198788"}],"curies":[{"name":"wp","href":"https:\/\/api.w.org\/{rel}","templated":true}]}}