{"id":198858,"date":"2025-06-11T08:45:35","date_gmt":"2025-06-11T06:45:35","guid":{"rendered":"https:\/\/www.laperlavalles.cat\/product\/bouillon-de-viande-promolac-1kg-3\/"},"modified":"2025-06-11T08:45:35","modified_gmt":"2025-06-11T06:45:35","slug":"bouillon-de-viande-promolac-1kg-3","status":"publish","type":"product","link":"https:\/\/www.laperlavalles.cat\/fr\/produit\/bouillon-de-viande-promolac-1kg-3\/","title":{"rendered":"BOUILLON DE VIANDE PROMOLAC 1KG"},"content":{"rendered":"<p>Bouillon de viande en poudre pour usage professionnel, sans gluten ni allerg\u00e8nes, id\u00e9al pour enrichir soupes, riz, rago\u00fbts et sauces avec une saveur intense et naturelle de viande. Facile \u00e0 dissoudre, convient aux r\u00e9gimes sp\u00e9ciaux (sans lactose ni conservateurs). Format restauration 1 kg, rendement d\u2019environ 50 litres. Certifi\u00e9 halal.<\/p>\n","protected":false},"excerpt":{"rendered":"<p>Bouillon de viande en poudre pour usage professionnel, sans gluten ni allerg\u00e8nes, id\u00e9al pour enrichir soupes, riz, rago\u00fbts et sauces avec une saveur intense et naturelle<span class=\"excerpt-hellip\"> [\u2026]<\/span><\/p>\n","protected":false},"featured_media":198854,"comment_status":"open","ping_status":"closed","template":"","meta":[],"product_cat":[36],"product_tag":[],"_links":{"self":[{"href":"https:\/\/www.laperlavalles.cat\/fr\/wp-json\/wp\/v2\/product\/198858"}],"collection":[{"href":"https:\/\/www.laperlavalles.cat\/fr\/wp-json\/wp\/v2\/product"}],"about":[{"href":"https:\/\/www.laperlavalles.cat\/fr\/wp-json\/wp\/v2\/types\/product"}],"replies":[{"embeddable":true,"href":"https:\/\/www.laperlavalles.cat\/fr\/wp-json\/wp\/v2\/comments?post=198858"}],"wp:featuredmedia":[{"embeddable":true,"href":"https:\/\/www.laperlavalles.cat\/fr\/wp-json\/wp\/v2\/media\/198854"}],"wp:attachment":[{"href":"https:\/\/www.laperlavalles.cat\/fr\/wp-json\/wp\/v2\/media?parent=198858"}],"wp:term":[{"taxonomy":"product_cat","embeddable":true,"href":"https:\/\/www.laperlavalles.cat\/fr\/wp-json\/wp\/v2\/product_cat?post=198858"},{"taxonomy":"product_tag","embeddable":true,"href":"https:\/\/www.laperlavalles.cat\/fr\/wp-json\/wp\/v2\/product_tag?post=198858"}],"curies":[{"name":"wp","href":"https:\/\/api.w.org\/{rel}","templated":true}]}}