{"id":199048,"date":"2025-06-11T09:04:14","date_gmt":"2025-06-11T07:04:14","guid":{"rendered":"https:\/\/www.laperlavalles.cat\/product\/bouillon-de-legumes-promolac-1kg-3\/"},"modified":"2025-06-11T09:04:14","modified_gmt":"2025-06-11T07:04:14","slug":"bouillon-de-legumes-promolac-1kg-3","status":"publish","type":"product","link":"https:\/\/www.laperlavalles.cat\/fr\/produit\/bouillon-de-legumes-promolac-1kg-3\/","title":{"rendered":"BOUILLON DE L\u00c9GUMES PROMOLAC 1KG"},"content":{"rendered":"<p>Bouillon de l\u00e9gumes en poudre pour usage professionnel, sans gluten ni allerg\u00e8nes, id\u00e9al pour enrichir soupes, riz, rago\u00fbts et sauces avec toute la saveur des l\u00e9gumes. Facile \u00e0 dissoudre, il convient aux r\u00e9gimes sp\u00e9ciaux, sans lactose ni conservateurs. Format restauration 1 kg, rendement d\u2019environ 50 litres. Certifi\u00e9 halal selon la gamme Promolac<\/p>\n","protected":false},"excerpt":{"rendered":"<p>Bouillon de l\u00e9gumes en poudre pour usage professionnel, sans gluten ni allerg\u00e8nes, id\u00e9al pour enrichir soupes, riz, rago\u00fbts et sauces avec toute la saveur des l\u00e9gumes.<span class=\"excerpt-hellip\"> [\u2026]<\/span><\/p>\n","protected":false},"featured_media":199044,"comment_status":"open","ping_status":"closed","template":"","meta":[],"product_cat":[36],"product_tag":[],"_links":{"self":[{"href":"https:\/\/www.laperlavalles.cat\/fr\/wp-json\/wp\/v2\/product\/199048"}],"collection":[{"href":"https:\/\/www.laperlavalles.cat\/fr\/wp-json\/wp\/v2\/product"}],"about":[{"href":"https:\/\/www.laperlavalles.cat\/fr\/wp-json\/wp\/v2\/types\/product"}],"replies":[{"embeddable":true,"href":"https:\/\/www.laperlavalles.cat\/fr\/wp-json\/wp\/v2\/comments?post=199048"}],"wp:featuredmedia":[{"embeddable":true,"href":"https:\/\/www.laperlavalles.cat\/fr\/wp-json\/wp\/v2\/media\/199044"}],"wp:attachment":[{"href":"https:\/\/www.laperlavalles.cat\/fr\/wp-json\/wp\/v2\/media?parent=199048"}],"wp:term":[{"taxonomy":"product_cat","embeddable":true,"href":"https:\/\/www.laperlavalles.cat\/fr\/wp-json\/wp\/v2\/product_cat?post=199048"},{"taxonomy":"product_tag","embeddable":true,"href":"https:\/\/www.laperlavalles.cat\/fr\/wp-json\/wp\/v2\/product_tag?post=199048"}],"curies":[{"name":"wp","href":"https:\/\/api.w.org\/{rel}","templated":true}]}}