{"id":199268,"date":"2025-06-11T09:27:10","date_gmt":"2025-06-11T07:27:10","guid":{"rendered":"https:\/\/www.laperlavalles.cat\/product\/bouillon-de-viande-promolac-100p-4\/"},"modified":"2025-06-11T09:27:10","modified_gmt":"2025-06-11T07:27:10","slug":"bouillon-de-viande-promolac-100p-4","status":"publish","type":"product","link":"https:\/\/www.laperlavalles.cat\/fr\/produit\/bouillon-de-viande-promolac-100p-4\/","title":{"rendered":"BOUILLON DE VIANDE PROMOLAC 100P"},"content":{"rendered":"<p>Bouillon de viande en cubes, pr\u00e9sent\u00e9 en pot de 100 unit\u00e9s de 10 g chacune, id\u00e9al pour un usage professionnel ou domestique. Sans gluten ni allerg\u00e8nes selon les informations de la gamme Promolac, adapt\u00e9 aux r\u00e9gimes sp\u00e9ciaux et certifi\u00e9 halal. Chaque cube se dissout facilement et apporte une saveur intense et naturelle de viande aux soupes, riz, rago\u00fbts et sauces. Format \u00e9conomique et pratique pour les grandes cuisines ou un usage quotidien.<\/p>\n","protected":false},"excerpt":{"rendered":"<p>Bouillon de viande en cubes, pr\u00e9sent\u00e9 en pot de 100 unit\u00e9s de 10 g chacune, id\u00e9al pour un usage professionnel ou domestique. Sans gluten ni allerg\u00e8nes<span class=\"excerpt-hellip\"> [\u2026]<\/span><\/p>\n","protected":false},"featured_media":199264,"comment_status":"open","ping_status":"closed","template":"","meta":[],"product_cat":[36],"product_tag":[],"_links":{"self":[{"href":"https:\/\/www.laperlavalles.cat\/fr\/wp-json\/wp\/v2\/product\/199268"}],"collection":[{"href":"https:\/\/www.laperlavalles.cat\/fr\/wp-json\/wp\/v2\/product"}],"about":[{"href":"https:\/\/www.laperlavalles.cat\/fr\/wp-json\/wp\/v2\/types\/product"}],"replies":[{"embeddable":true,"href":"https:\/\/www.laperlavalles.cat\/fr\/wp-json\/wp\/v2\/comments?post=199268"}],"wp:featuredmedia":[{"embeddable":true,"href":"https:\/\/www.laperlavalles.cat\/fr\/wp-json\/wp\/v2\/media\/199264"}],"wp:attachment":[{"href":"https:\/\/www.laperlavalles.cat\/fr\/wp-json\/wp\/v2\/media?parent=199268"}],"wp:term":[{"taxonomy":"product_cat","embeddable":true,"href":"https:\/\/www.laperlavalles.cat\/fr\/wp-json\/wp\/v2\/product_cat?post=199268"},{"taxonomy":"product_tag","embeddable":true,"href":"https:\/\/www.laperlavalles.cat\/fr\/wp-json\/wp\/v2\/product_tag?post=199268"}],"curies":[{"name":"wp","href":"https:\/\/api.w.org\/{rel}","templated":true}]}}