{"id":199398,"date":"2025-06-11T09:40:51","date_gmt":"2025-06-11T07:41:08","guid":{"rendered":"https:\/\/www.laperlavalles.cat\/product\/sauce-yakitori-kikkoman-250ml\/"},"modified":"2025-06-11T13:50:26","modified_gmt":"2025-06-11T11:50:26","slug":"sauce-yakitori-kikkoman-250ml","status":"publish","type":"product","link":"https:\/\/www.laperlavalles.cat\/fr\/produit\/sauce-yakitori-kikkoman-250ml\/","title":{"rendered":"SAUCE YAKITORI KIKKOMAN 250ML"},"content":{"rendered":"<p>Savourez le go\u00fbt authentique de la cuisine japonaise avec la Sauce Yakitori Kikkoman, un m\u00e9lange parfait de sauce soja naturellement ferment\u00e9e, d&rsquo;\u00e9pices s\u00e9lectionn\u00e9es et de m\u00e9lasse, offrant une saveur sucr\u00e9e et sal\u00e9e avec une touche umami irr\u00e9sistible. Cette sauce \u00e9paisse et brillante est id\u00e9ale pour mariner, glacer ou utiliser comme sauce pour le poulet, le poisson ou les l\u00e9gumes grill\u00e9s. De plus, elle convient aux r\u00e9gimes v\u00e9g\u00e9taliens.<\/p>\n","protected":false},"excerpt":{"rendered":"<p>Savourez le go\u00fbt authentique de la cuisine japonaise avec la Sauce Yakitori Kikkoman, un m\u00e9lange parfait de sauce soja naturellement ferment\u00e9e, d&rsquo;\u00e9pices s\u00e9lectionn\u00e9es et de m\u00e9lasse,<span class=\"excerpt-hellip\"> [\u2026]<\/span><\/p>\n","protected":false},"featured_media":199376,"comment_status":"open","ping_status":"closed","template":"","meta":[],"product_cat":[8449,8580],"product_tag":[],"_links":{"self":[{"href":"https:\/\/www.laperlavalles.cat\/fr\/wp-json\/wp\/v2\/product\/199398"}],"collection":[{"href":"https:\/\/www.laperlavalles.cat\/fr\/wp-json\/wp\/v2\/product"}],"about":[{"href":"https:\/\/www.laperlavalles.cat\/fr\/wp-json\/wp\/v2\/types\/product"}],"replies":[{"embeddable":true,"href":"https:\/\/www.laperlavalles.cat\/fr\/wp-json\/wp\/v2\/comments?post=199398"}],"wp:featuredmedia":[{"embeddable":true,"href":"https:\/\/www.laperlavalles.cat\/fr\/wp-json\/wp\/v2\/media\/199376"}],"wp:attachment":[{"href":"https:\/\/www.laperlavalles.cat\/fr\/wp-json\/wp\/v2\/media?parent=199398"}],"wp:term":[{"taxonomy":"product_cat","embeddable":true,"href":"https:\/\/www.laperlavalles.cat\/fr\/wp-json\/wp\/v2\/product_cat?post=199398"},{"taxonomy":"product_tag","embeddable":true,"href":"https:\/\/www.laperlavalles.cat\/fr\/wp-json\/wp\/v2\/product_tag?post=199398"}],"curies":[{"name":"wp","href":"https:\/\/api.w.org\/{rel}","templated":true}]}}