{"id":199533,"date":"2025-06-11T09:52:45","date_gmt":"2025-06-11T07:52:45","guid":{"rendered":"https:\/\/www.laperlavalles.cat\/product\/sauce-ramen-soup-kikkoman-250ml-2\/"},"modified":"2025-06-11T09:52:45","modified_gmt":"2025-06-11T07:52:45","slug":"sauce-ramen-soup-kikkoman-250ml-2","status":"publish","type":"product","link":"https:\/\/www.laperlavalles.cat\/fr\/produit\/sauce-ramen-soup-kikkoman-250ml-2\/","title":{"rendered":"SAUCE RAMEN SOUP KIKKOMAN 250ML"},"content":{"rendered":"<p>Sauce de base concentr\u00e9e pour ramen de style japonais, \u00e9labor\u00e9e avec sauce soja (33%), eau, sel, sirop de glucose, huile de tournesol, exhausteurs de go\u00fbt (glutamate monosodique, 5\u2019-ribonucleotide disodique), prot\u00e9ine de soja hydrolys\u00e9e, alcool \u00e9thylique, \u00e9pices, amidon modifi\u00e9, \u00e9paississant (gomme xanthane), ar\u00f4me naturel, extrait de levure et poudre d\u2019algues marines (ascophyllum nodosum). Saveur umami intense, parfaite pour pr\u00e9parer un ramen shoyu authentique en quelques minutes. Il suffit de diluer 2 cuill\u00e8res \u00e0 soupe (30 ml) dans 270 ml d\u2019eau bouillante, d\u2019ajouter les nouilles et vos ingr\u00e9dients pr\u00e9f\u00e9r\u00e9s (viande, \u0153uf, l\u00e9gumes). Convient aux v\u00e9g\u00e9taliens. Bouteille en verre de 250 ml (8 portions).<\/p>\n","protected":false},"excerpt":{"rendered":"<p>Sauce de base concentr\u00e9e pour ramen de style japonais, \u00e9labor\u00e9e avec sauce soja (33%), eau, sel, sirop de glucose, huile de tournesol, exhausteurs de go\u00fbt (glutamate<span class=\"excerpt-hellip\"> [\u2026]<\/span><\/p>\n","protected":false},"featured_media":199529,"comment_status":"open","ping_status":"closed","template":"","meta":[],"product_cat":[8449,8580],"product_tag":[],"_links":{"self":[{"href":"https:\/\/www.laperlavalles.cat\/fr\/wp-json\/wp\/v2\/product\/199533"}],"collection":[{"href":"https:\/\/www.laperlavalles.cat\/fr\/wp-json\/wp\/v2\/product"}],"about":[{"href":"https:\/\/www.laperlavalles.cat\/fr\/wp-json\/wp\/v2\/types\/product"}],"replies":[{"embeddable":true,"href":"https:\/\/www.laperlavalles.cat\/fr\/wp-json\/wp\/v2\/comments?post=199533"}],"wp:featuredmedia":[{"embeddable":true,"href":"https:\/\/www.laperlavalles.cat\/fr\/wp-json\/wp\/v2\/media\/199529"}],"wp:attachment":[{"href":"https:\/\/www.laperlavalles.cat\/fr\/wp-json\/wp\/v2\/media?parent=199533"}],"wp:term":[{"taxonomy":"product_cat","embeddable":true,"href":"https:\/\/www.laperlavalles.cat\/fr\/wp-json\/wp\/v2\/product_cat?post=199533"},{"taxonomy":"product_tag","embeddable":true,"href":"https:\/\/www.laperlavalles.cat\/fr\/wp-json\/wp\/v2\/product_tag?post=199533"}],"curies":[{"name":"wp","href":"https:\/\/api.w.org\/{rel}","templated":true}]}}