{"id":199688,"date":"2025-06-11T10:07:16","date_gmt":"2025-06-11T08:07:16","guid":{"rendered":"https:\/\/www.laperlavalles.cat\/product\/sauce-wok-teriyaki-kikkoman-975ml-5\/"},"modified":"2025-06-11T10:07:16","modified_gmt":"2025-06-11T08:07:16","slug":"sauce-wok-teriyaki-kikkoman-975ml-5","status":"publish","type":"product","link":"https:\/\/www.laperlavalles.cat\/fr\/produit\/sauce-wok-teriyaki-kikkoman-975ml-5\/","title":{"rendered":"SAUCE WOK TERIYAKI KIKKOMAN 975ML"},"content":{"rendered":"<p>Sauce japonaise \u00e9paisse et cr\u00e9meuse, \u00e9labor\u00e9e avec sauce soja (eau, soja, bl\u00e9, sel), sucre, eau, vin (contient du dioxyde de soufre), amidon modifi\u00e9, sirop de sucre caram\u00e9lis\u00e9, sel, vinaigre d\u2019alcool, gingembre en poudre et ail r\u00f4ti en poudre. Elle associe des notes sucr\u00e9es et sal\u00e9es avec une l\u00e9g\u00e8re touche de vin et une saveur umami intense. Parfaite pour les saut\u00e9s au wok, marinades, laquages ou gla\u00e7ages de viandes, poissons, l\u00e9gumes, tofu ou fruits de mer. Sa texture visqueuse et brillante la rend id\u00e9ale pour les plats asiatiques, apportant saveur et \u00e9clat sans besoin d\u2019autres condiments. Sans ar\u00f4mes artificiels. Convient \u00e0 un usage professionnel ou domestique.<\/p>\n","protected":false},"excerpt":{"rendered":"<p>Sauce japonaise \u00e9paisse et cr\u00e9meuse, \u00e9labor\u00e9e avec sauce soja (eau, soja, bl\u00e9, sel), sucre, eau, vin (contient du dioxyde de soufre), amidon modifi\u00e9, sirop de sucre<span class=\"excerpt-hellip\"> [\u2026]<\/span><\/p>\n","protected":false},"featured_media":199684,"comment_status":"open","ping_status":"closed","template":"","meta":[],"product_cat":[8449,8580],"product_tag":[],"_links":{"self":[{"href":"https:\/\/www.laperlavalles.cat\/fr\/wp-json\/wp\/v2\/product\/199688"}],"collection":[{"href":"https:\/\/www.laperlavalles.cat\/fr\/wp-json\/wp\/v2\/product"}],"about":[{"href":"https:\/\/www.laperlavalles.cat\/fr\/wp-json\/wp\/v2\/types\/product"}],"replies":[{"embeddable":true,"href":"https:\/\/www.laperlavalles.cat\/fr\/wp-json\/wp\/v2\/comments?post=199688"}],"wp:featuredmedia":[{"embeddable":true,"href":"https:\/\/www.laperlavalles.cat\/fr\/wp-json\/wp\/v2\/media\/199684"}],"wp:attachment":[{"href":"https:\/\/www.laperlavalles.cat\/fr\/wp-json\/wp\/v2\/media?parent=199688"}],"wp:term":[{"taxonomy":"product_cat","embeddable":true,"href":"https:\/\/www.laperlavalles.cat\/fr\/wp-json\/wp\/v2\/product_cat?post=199688"},{"taxonomy":"product_tag","embeddable":true,"href":"https:\/\/www.laperlavalles.cat\/fr\/wp-json\/wp\/v2\/product_tag?post=199688"}],"curies":[{"name":"wp","href":"https:\/\/api.w.org\/{rel}","templated":true}]}}