{"id":200018,"date":"2025-06-11T10:33:41","date_gmt":"2025-06-11T08:33:41","guid":{"rendered":"https:\/\/www.laperlavalles.cat\/product\/riz-a-sushi-kumaki-5kg-4\/"},"modified":"2025-06-11T10:33:41","modified_gmt":"2025-06-11T08:33:41","slug":"riz-a-sushi-kumaki-5kg-4","status":"publish","type":"product","link":"https:\/\/www.laperlavalles.cat\/fr\/produit\/riz-a-sushi-kumaki-5kg-4\/","title":{"rendered":"RIZ \u00c0 SUSHI KUMAKI 5KG"},"content":{"rendered":"<p>Riz \u00e0 sushi Kumaki de haute qualit\u00e9, \u00e9labor\u00e9 \u00e0 partir de grains courts soigneusement s\u00e9lectionn\u00e9s pour leur texture l\u00e9g\u00e8rement collante et leur saveur douce. Id\u00e9al pour pr\u00e9parer sushi, makis et nigiris, les grains restent bien li\u00e9s et absorbent parfaitement le vinaigre et les assaisonnements typiques de la cuisine asiatique. La marque Kumaki garantit une qualit\u00e9 sup\u00e9rieure, parfaite pour la cuisine asiatique maison ou professionnelle.<\/p>\n","protected":false},"excerpt":{"rendered":"<p>Riz \u00e0 sushi Kumaki de haute qualit\u00e9, \u00e9labor\u00e9 \u00e0 partir de grains courts soigneusement s\u00e9lectionn\u00e9s pour leur texture l\u00e9g\u00e8rement collante et leur saveur douce. Id\u00e9al pour<span class=\"excerpt-hellip\"> [\u2026]<\/span><\/p>\n","protected":false},"featured_media":200014,"comment_status":"open","ping_status":"closed","template":"","meta":[],"product_cat":[8455,8607],"product_tag":[],"_links":{"self":[{"href":"https:\/\/www.laperlavalles.cat\/fr\/wp-json\/wp\/v2\/product\/200018"}],"collection":[{"href":"https:\/\/www.laperlavalles.cat\/fr\/wp-json\/wp\/v2\/product"}],"about":[{"href":"https:\/\/www.laperlavalles.cat\/fr\/wp-json\/wp\/v2\/types\/product"}],"replies":[{"embeddable":true,"href":"https:\/\/www.laperlavalles.cat\/fr\/wp-json\/wp\/v2\/comments?post=200018"}],"wp:featuredmedia":[{"embeddable":true,"href":"https:\/\/www.laperlavalles.cat\/fr\/wp-json\/wp\/v2\/media\/200014"}],"wp:attachment":[{"href":"https:\/\/www.laperlavalles.cat\/fr\/wp-json\/wp\/v2\/media?parent=200018"}],"wp:term":[{"taxonomy":"product_cat","embeddable":true,"href":"https:\/\/www.laperlavalles.cat\/fr\/wp-json\/wp\/v2\/product_cat?post=200018"},{"taxonomy":"product_tag","embeddable":true,"href":"https:\/\/www.laperlavalles.cat\/fr\/wp-json\/wp\/v2\/product_tag?post=200018"}],"curies":[{"name":"wp","href":"https:\/\/api.w.org\/{rel}","templated":true}]}}