{"id":200113,"date":"2025-06-11T10:40:51","date_gmt":"2025-06-11T08:41:09","guid":{"rendered":"https:\/\/www.laperlavalles.cat\/product\/nouilles-ippin-yakisoba-classic-pot-91gr\/"},"modified":"2025-06-11T13:19:30","modified_gmt":"2025-06-11T11:19:30","slug":"nouilles-ippin-yakisoba-classic-pot-91gr","status":"publish","type":"product","link":"https:\/\/www.laperlavalles.cat\/fr\/produit\/nouilles-ippin-yakisoba-classic-pot-91gr\/","title":{"rendered":"NOUILLES IPPIN YAKISOBA CLASSIC POT 91GR"},"content":{"rendered":"<p>Nouilles yakisoba instantan\u00e9es en pot, avec sauce classique et l\u00e9gumes d\u00e9shydrat\u00e9s. Pr\u00eates en quelques minutes, id\u00e9ales pour un repas rapide au go\u00fbt asiatique. Contiennent du bl\u00e9 et du soja.<\/p>\n","protected":false},"excerpt":{"rendered":"<p>Nouilles yakisoba instantan\u00e9es en pot, avec sauce classique et l\u00e9gumes d\u00e9shydrat\u00e9s. Pr\u00eates en quelques minutes, id\u00e9ales pour un repas rapide au go\u00fbt asiatique. Contiennent du bl\u00e9<span class=\"excerpt-hellip\"> [\u2026]<\/span><\/p>\n","protected":false},"featured_media":200096,"comment_status":"open","ping_status":"closed","template":"","meta":[],"product_cat":[10616],"product_tag":[],"_links":{"self":[{"href":"https:\/\/www.laperlavalles.cat\/fr\/wp-json\/wp\/v2\/product\/200113"}],"collection":[{"href":"https:\/\/www.laperlavalles.cat\/fr\/wp-json\/wp\/v2\/product"}],"about":[{"href":"https:\/\/www.laperlavalles.cat\/fr\/wp-json\/wp\/v2\/types\/product"}],"replies":[{"embeddable":true,"href":"https:\/\/www.laperlavalles.cat\/fr\/wp-json\/wp\/v2\/comments?post=200113"}],"wp:featuredmedia":[{"embeddable":true,"href":"https:\/\/www.laperlavalles.cat\/fr\/wp-json\/wp\/v2\/media\/200096"}],"wp:attachment":[{"href":"https:\/\/www.laperlavalles.cat\/fr\/wp-json\/wp\/v2\/media?parent=200113"}],"wp:term":[{"taxonomy":"product_cat","embeddable":true,"href":"https:\/\/www.laperlavalles.cat\/fr\/wp-json\/wp\/v2\/product_cat?post=200113"},{"taxonomy":"product_tag","embeddable":true,"href":"https:\/\/www.laperlavalles.cat\/fr\/wp-json\/wp\/v2\/product_tag?post=200113"}],"curies":[{"name":"wp","href":"https:\/\/api.w.org\/{rel}","templated":true}]}}