{"id":200288,"date":"2025-06-11T10:50:23","date_gmt":"2025-06-11T08:50:23","guid":{"rendered":"https:\/\/www.laperlavalles.cat\/product\/nouilles-ippin-yakisoba-teriyaki-pot-91gr-4\/"},"modified":"2025-06-11T10:50:23","modified_gmt":"2025-06-11T08:50:23","slug":"nouilles-ippin-yakisoba-teriyaki-pot-91gr-4","status":"publish","type":"product","link":"https:\/\/www.laperlavalles.cat\/fr\/produit\/nouilles-ippin-yakisoba-teriyaki-pot-91gr-4\/","title":{"rendered":"NOUILLES IPPIN YAKISOBA TERIYAKI POT 91GR"},"content":{"rendered":"<p>Nouilles yakisoba instantan\u00e9es avec sauce teriyaki et l\u00e9gumes d\u00e9shydrat\u00e9s, en pot. Pr\u00eates en quelques minutes, elles offrent une saveur asiatique sucr\u00e9e et caram\u00e9lis\u00e9e, parfaites pour un repas rapide. Contiennent du bl\u00e9 et du soja<\/p>\n","protected":false},"excerpt":{"rendered":"<p>Nouilles yakisoba instantan\u00e9es avec sauce teriyaki et l\u00e9gumes d\u00e9shydrat\u00e9s, en pot. Pr\u00eates en quelques minutes, elles offrent une saveur asiatique sucr\u00e9e et caram\u00e9lis\u00e9e, parfaites pour un<span class=\"excerpt-hellip\"> [\u2026]<\/span><\/p>\n","protected":false},"featured_media":200284,"comment_status":"open","ping_status":"closed","template":"","meta":[],"product_cat":[36],"product_tag":[],"_links":{"self":[{"href":"https:\/\/www.laperlavalles.cat\/fr\/wp-json\/wp\/v2\/product\/200288"}],"collection":[{"href":"https:\/\/www.laperlavalles.cat\/fr\/wp-json\/wp\/v2\/product"}],"about":[{"href":"https:\/\/www.laperlavalles.cat\/fr\/wp-json\/wp\/v2\/types\/product"}],"replies":[{"embeddable":true,"href":"https:\/\/www.laperlavalles.cat\/fr\/wp-json\/wp\/v2\/comments?post=200288"}],"wp:featuredmedia":[{"embeddable":true,"href":"https:\/\/www.laperlavalles.cat\/fr\/wp-json\/wp\/v2\/media\/200284"}],"wp:attachment":[{"href":"https:\/\/www.laperlavalles.cat\/fr\/wp-json\/wp\/v2\/media?parent=200288"}],"wp:term":[{"taxonomy":"product_cat","embeddable":true,"href":"https:\/\/www.laperlavalles.cat\/fr\/wp-json\/wp\/v2\/product_cat?post=200288"},{"taxonomy":"product_tag","embeddable":true,"href":"https:\/\/www.laperlavalles.cat\/fr\/wp-json\/wp\/v2\/product_tag?post=200288"}],"curies":[{"name":"wp","href":"https:\/\/api.w.org\/{rel}","templated":true}]}}