{"id":200358,"date":"2025-06-11T10:54:19","date_gmt":"2025-06-11T08:54:36","guid":{"rendered":"https:\/\/www.laperlavalles.cat\/product\/savon-lux-aqua-sparkle-80g\/"},"modified":"2025-06-11T14:53:16","modified_gmt":"2025-06-11T12:53:16","slug":"savon-lux-aqua-sparkle-80g","status":"publish","type":"product","link":"https:\/\/www.laperlavalles.cat\/fr\/produit\/savon-lux-aqua-sparkle-80g\/","title":{"rendered":"SAVON LUX AQUA SPARKLE 80G"},"content":{"rendered":"<p>Savon en barre au parfum de musc floral et d\u2019huile de menthe, formul\u00e9 avec de la glyc\u00e9rine, des extraits de jasmin et de rose, et des huiles essentielles de lotus, palmarosa et menthe. Nettoie en douceur, \u00e9limine les impuret\u00e9s et l\u2019exc\u00e8s de s\u00e9bum, et laisse la peau douce, fra\u00eeche et d\u00e9licatement parfum\u00e9e d\u2019un ar\u00f4me revitalisant. Sa mousse cr\u00e9meuse et d\u00e9licate pr\u00e9serve l\u2019hydratation naturelle de la peau. Convient \u00e0 un usage quotidien et \u00e0 tous types de peaux. Sa couleur bleue et son aspect \u00e9l\u00e9gant ajoutent une touche esth\u00e9tique \u00e0 la salle de bain.<\/p>\n","protected":false},"excerpt":{"rendered":"<p>Savon en barre au parfum de musc floral et d\u2019huile de menthe, formul\u00e9 avec de la glyc\u00e9rine, des extraits de jasmin et de rose, et des<span class=\"excerpt-hellip\"> [\u2026]<\/span><\/p>\n","protected":false},"featured_media":200341,"comment_status":"open","ping_status":"closed","template":"","meta":[],"product_cat":[8461,8597],"product_tag":[],"_links":{"self":[{"href":"https:\/\/www.laperlavalles.cat\/fr\/wp-json\/wp\/v2\/product\/200358"}],"collection":[{"href":"https:\/\/www.laperlavalles.cat\/fr\/wp-json\/wp\/v2\/product"}],"about":[{"href":"https:\/\/www.laperlavalles.cat\/fr\/wp-json\/wp\/v2\/types\/product"}],"replies":[{"embeddable":true,"href":"https:\/\/www.laperlavalles.cat\/fr\/wp-json\/wp\/v2\/comments?post=200358"}],"wp:featuredmedia":[{"embeddable":true,"href":"https:\/\/www.laperlavalles.cat\/fr\/wp-json\/wp\/v2\/media\/200341"}],"wp:attachment":[{"href":"https:\/\/www.laperlavalles.cat\/fr\/wp-json\/wp\/v2\/media?parent=200358"}],"wp:term":[{"taxonomy":"product_cat","embeddable":true,"href":"https:\/\/www.laperlavalles.cat\/fr\/wp-json\/wp\/v2\/product_cat?post=200358"},{"taxonomy":"product_tag","embeddable":true,"href":"https:\/\/www.laperlavalles.cat\/fr\/wp-json\/wp\/v2\/product_tag?post=200358"}],"curies":[{"name":"wp","href":"https:\/\/api.w.org\/{rel}","templated":true}]}}