{"id":200378,"date":"2025-06-11T10:55:40","date_gmt":"2025-06-11T08:55:57","guid":{"rendered":"https:\/\/www.laperlavalles.cat\/product\/savon-lux-velvet-touch-80g\/"},"modified":"2025-06-11T14:54:39","modified_gmt":"2025-06-11T12:54:39","slug":"savon-lux-velvet-touch-80g","status":"publish","type":"product","link":"https:\/\/www.laperlavalles.cat\/fr\/produit\/savon-lux-velvet-touch-80g\/","title":{"rendered":"SAVON LUX VELVET TOUCH 80G"},"content":{"rendered":"<p>Savon en barre enrichi \u00e0 l\u2019huile d\u2019amande et \u00e0 l\u2019extrait de jasmin, formul\u00e9 pour nettoyer la peau en douceur et la laisser douce, hydrat\u00e9e et d\u00e9licatement parfum\u00e9e. Sa mousse cr\u00e9meuse \u00e9limine les impuret\u00e9s sans dess\u00e9cher, tandis que la glyc\u00e9rine et les huiles v\u00e9g\u00e9tales aident \u00e0 maintenir l\u2019hydratation naturelle de la peau. Parfum floral avec des notes de jasmin et d\u2019amande, apportant une sensation de luxe et de bien-\u00eatre \u00e0 chaque douche. Couleur cr\u00e8me ou blanc doux, design \u00e9l\u00e9gant, convient \u00e0 un usage quotidien et \u00e0 tous types de peaux. Sans huiles min\u00e9rales, parab\u00e8nes ni silicones.<\/p>\n","protected":false},"excerpt":{"rendered":"<p>Savon en barre enrichi \u00e0 l\u2019huile d\u2019amande et \u00e0 l\u2019extrait de jasmin, formul\u00e9 pour nettoyer la peau en douceur et la laisser douce, hydrat\u00e9e et d\u00e9licatement<span class=\"excerpt-hellip\"> [\u2026]<\/span><\/p>\n","protected":false},"featured_media":200361,"comment_status":"open","ping_status":"closed","template":"","meta":[],"product_cat":[8461,8597],"product_tag":[],"_links":{"self":[{"href":"https:\/\/www.laperlavalles.cat\/fr\/wp-json\/wp\/v2\/product\/200378"}],"collection":[{"href":"https:\/\/www.laperlavalles.cat\/fr\/wp-json\/wp\/v2\/product"}],"about":[{"href":"https:\/\/www.laperlavalles.cat\/fr\/wp-json\/wp\/v2\/types\/product"}],"replies":[{"embeddable":true,"href":"https:\/\/www.laperlavalles.cat\/fr\/wp-json\/wp\/v2\/comments?post=200378"}],"wp:featuredmedia":[{"embeddable":true,"href":"https:\/\/www.laperlavalles.cat\/fr\/wp-json\/wp\/v2\/media\/200361"}],"wp:attachment":[{"href":"https:\/\/www.laperlavalles.cat\/fr\/wp-json\/wp\/v2\/media?parent=200378"}],"wp:term":[{"taxonomy":"product_cat","embeddable":true,"href":"https:\/\/www.laperlavalles.cat\/fr\/wp-json\/wp\/v2\/product_cat?post=200378"},{"taxonomy":"product_tag","embeddable":true,"href":"https:\/\/www.laperlavalles.cat\/fr\/wp-json\/wp\/v2\/product_tag?post=200378"}],"curies":[{"name":"wp","href":"https:\/\/api.w.org\/{rel}","templated":true}]}}