{"id":200398,"date":"2025-06-11T10:56:59","date_gmt":"2025-06-11T08:57:16","guid":{"rendered":"https:\/\/www.laperlavalles.cat\/product\/jabon-lux-magical-spell-80g\/"},"modified":"2025-06-11T14:55:57","modified_gmt":"2025-06-11T12:55:57","slug":"jabon-lux-magical-spell-80g","status":"publish","type":"product","link":"https:\/\/www.laperlavalles.cat\/fr\/produit\/jabon-lux-magical-spell-80g\/","title":{"rendered":"JAB\u00d3N LUX MAGICAL SPELL 80G"},"content":{"rendered":"<p>Savon en barre au parfum envo\u00fbtant d\u2019orchid\u00e9e noire et d\u2019huile de geni\u00e8vre, formul\u00e9 avec la technologie Floral Fusion Oil. Nettoie d\u00e9licatement la peau, cr\u00e9e une mousse cr\u00e9meuse et laisse un parfum sensuel et durable aux notes florales \u00e9l\u00e9gantes. Sa formule hydrate et adoucit la peau, offrant une exp\u00e9rience sensorielle unique et parfum\u00e9e toute la journ\u00e9e. Id\u00e9al pour un usage quotidien et tous types de peaux<\/p>\n","protected":false},"excerpt":{"rendered":"<p>Savon en barre au parfum envo\u00fbtant d\u2019orchid\u00e9e noire et d\u2019huile de geni\u00e8vre, formul\u00e9 avec la technologie Floral Fusion Oil. Nettoie d\u00e9licatement la peau, cr\u00e9e une mousse<span class=\"excerpt-hellip\"> [\u2026]<\/span><\/p>\n","protected":false},"featured_media":200381,"comment_status":"open","ping_status":"closed","template":"","meta":[],"product_cat":[8461,8597],"product_tag":[],"_links":{"self":[{"href":"https:\/\/www.laperlavalles.cat\/fr\/wp-json\/wp\/v2\/product\/200398"}],"collection":[{"href":"https:\/\/www.laperlavalles.cat\/fr\/wp-json\/wp\/v2\/product"}],"about":[{"href":"https:\/\/www.laperlavalles.cat\/fr\/wp-json\/wp\/v2\/types\/product"}],"replies":[{"embeddable":true,"href":"https:\/\/www.laperlavalles.cat\/fr\/wp-json\/wp\/v2\/comments?post=200398"}],"wp:featuredmedia":[{"embeddable":true,"href":"https:\/\/www.laperlavalles.cat\/fr\/wp-json\/wp\/v2\/media\/200381"}],"wp:attachment":[{"href":"https:\/\/www.laperlavalles.cat\/fr\/wp-json\/wp\/v2\/media?parent=200398"}],"wp:term":[{"taxonomy":"product_cat","embeddable":true,"href":"https:\/\/www.laperlavalles.cat\/fr\/wp-json\/wp\/v2\/product_cat?post=200398"},{"taxonomy":"product_tag","embeddable":true,"href":"https:\/\/www.laperlavalles.cat\/fr\/wp-json\/wp\/v2\/product_tag?post=200398"}],"curies":[{"name":"wp","href":"https:\/\/api.w.org\/{rel}","templated":true}]}}