{"id":200548,"date":"2025-06-11T11:05:27","date_gmt":"2025-06-11T09:05:27","guid":{"rendered":"https:\/\/www.laperlavalles.cat\/product\/ble-semoule-moyenne-ebrotrigo-25kg-6\/"},"modified":"2025-06-11T11:05:27","modified_gmt":"2025-06-11T09:05:27","slug":"ble-semoule-moyenne-ebrotrigo-25kg-6","status":"publish","type":"product","link":"https:\/\/www.laperlavalles.cat\/fr\/produit\/ble-semoule-moyenne-ebrotrigo-25kg-6\/","title":{"rendered":"BL\u00c9 &#8211; SEMOULE MOYENNE EBROTRIGO 25KG"},"content":{"rendered":"<p>Semoule de bl\u00e9 \u00e0 granulom\u00e9trie moyenne, issue de bl\u00e9 dur et de couleur jaune uniforme. Id\u00e9ale pour pr\u00e9parer couscous, migas, soupes, panures et desserts traditionnels. Apporte texture, saveur et \u00e9nergie aux plats, riche en glucides et min\u00e9raux. Convient \u00e0 un usage professionnel ou familial. Contient du gluten<\/p>\n","protected":false},"excerpt":{"rendered":"<p>Semoule de bl\u00e9 \u00e0 granulom\u00e9trie moyenne, issue de bl\u00e9 dur et de couleur jaune uniforme. Id\u00e9ale pour pr\u00e9parer couscous, migas, soupes, panures et desserts traditionnels. Apporte<span class=\"excerpt-hellip\"> [\u2026]<\/span><\/p>\n","protected":false},"featured_media":200544,"comment_status":"open","ping_status":"closed","template":"","meta":[],"product_cat":[8583,8456],"product_tag":[],"_links":{"self":[{"href":"https:\/\/www.laperlavalles.cat\/fr\/wp-json\/wp\/v2\/product\/200548"}],"collection":[{"href":"https:\/\/www.laperlavalles.cat\/fr\/wp-json\/wp\/v2\/product"}],"about":[{"href":"https:\/\/www.laperlavalles.cat\/fr\/wp-json\/wp\/v2\/types\/product"}],"replies":[{"embeddable":true,"href":"https:\/\/www.laperlavalles.cat\/fr\/wp-json\/wp\/v2\/comments?post=200548"}],"wp:featuredmedia":[{"embeddable":true,"href":"https:\/\/www.laperlavalles.cat\/fr\/wp-json\/wp\/v2\/media\/200544"}],"wp:attachment":[{"href":"https:\/\/www.laperlavalles.cat\/fr\/wp-json\/wp\/v2\/media?parent=200548"}],"wp:term":[{"taxonomy":"product_cat","embeddable":true,"href":"https:\/\/www.laperlavalles.cat\/fr\/wp-json\/wp\/v2\/product_cat?post=200548"},{"taxonomy":"product_tag","embeddable":true,"href":"https:\/\/www.laperlavalles.cat\/fr\/wp-json\/wp\/v2\/product_tag?post=200548"}],"curies":[{"name":"wp","href":"https:\/\/api.w.org\/{rel}","templated":true}]}}