{"id":200628,"date":"2025-06-11T11:09:28","date_gmt":"2025-06-11T09:09:28","guid":{"rendered":"https:\/\/www.laperlavalles.cat\/product\/ble-semoule-fine-ebrotrigo-5kg-3\/"},"modified":"2025-06-11T11:09:28","modified_gmt":"2025-06-11T09:09:28","slug":"ble-semoule-fine-ebrotrigo-5kg-3","status":"publish","type":"product","link":"https:\/\/www.laperlavalles.cat\/fr\/produit\/ble-semoule-fine-ebrotrigo-5kg-3\/","title":{"rendered":"BL\u00c9 &#8211; SEMOULE FINE EBROTRIGO 5KG"},"content":{"rendered":"<p>S\u00e9mola fina de trigo duro, de color amarillo uniforme y textura suave, perfecta para pastas frescas, sopas, postres y rebozados. Aporta una textura delicada y es rica en carbohidratos y prote\u00ednas, siendo una opci\u00f3n muy vers\u00e1til para cocina profesional o dom\u00e9stica. Contiene gluten<\/p>\n","protected":false},"excerpt":{"rendered":"<p>S\u00e9mola fina de trigo duro, de color amarillo uniforme y textura suave, perfecta para pastas frescas, sopas, postres y rebozados. Aporta una textura delicada y es<span class=\"excerpt-hellip\"> [\u2026]<\/span><\/p>\n","protected":false},"featured_media":200624,"comment_status":"open","ping_status":"closed","template":"","meta":[],"product_cat":[8583,8456],"product_tag":[],"_links":{"self":[{"href":"https:\/\/www.laperlavalles.cat\/fr\/wp-json\/wp\/v2\/product\/200628"}],"collection":[{"href":"https:\/\/www.laperlavalles.cat\/fr\/wp-json\/wp\/v2\/product"}],"about":[{"href":"https:\/\/www.laperlavalles.cat\/fr\/wp-json\/wp\/v2\/types\/product"}],"replies":[{"embeddable":true,"href":"https:\/\/www.laperlavalles.cat\/fr\/wp-json\/wp\/v2\/comments?post=200628"}],"wp:featuredmedia":[{"embeddable":true,"href":"https:\/\/www.laperlavalles.cat\/fr\/wp-json\/wp\/v2\/media\/200624"}],"wp:attachment":[{"href":"https:\/\/www.laperlavalles.cat\/fr\/wp-json\/wp\/v2\/media?parent=200628"}],"wp:term":[{"taxonomy":"product_cat","embeddable":true,"href":"https:\/\/www.laperlavalles.cat\/fr\/wp-json\/wp\/v2\/product_cat?post=200628"},{"taxonomy":"product_tag","embeddable":true,"href":"https:\/\/www.laperlavalles.cat\/fr\/wp-json\/wp\/v2\/product_tag?post=200628"}],"curies":[{"name":"wp","href":"https:\/\/api.w.org\/{rel}","templated":true}]}}