{"id":200783,"date":"2025-06-11T11:16:46","date_gmt":"2025-06-11T09:16:46","guid":{"rendered":"https:\/\/www.laperlavalles.cat\/product\/ble-semoule-fine-ebrotrigo-25kg-8\/"},"modified":"2025-06-11T11:16:46","modified_gmt":"2025-06-11T09:16:46","slug":"ble-semoule-fine-ebrotrigo-25kg-8","status":"publish","type":"product","link":"https:\/\/www.laperlavalles.cat\/fr\/produit\/ble-semoule-fine-ebrotrigo-25kg-8\/","title":{"rendered":"BL\u00c9 &#8211; SEMOULE FINE EBROTRIGO 25KG"},"content":{"rendered":"<p>Semoule fine de bl\u00e9 dur, de couleur jaune uniforme et texture douce, id\u00e9ale pour les p\u00e2tes fra\u00eeches, les soupes, les desserts et les panures. Apporte une texture d\u00e9licate et est riche en glucides et en prot\u00e9ines, tr\u00e8s polyvalente pour la cuisine professionnelle ou domestique. Contient du gluten<\/p>\n","protected":false},"excerpt":{"rendered":"<p>Semoule fine de bl\u00e9 dur, de couleur jaune uniforme et texture douce, id\u00e9ale pour les p\u00e2tes fra\u00eeches, les soupes, les desserts et les panures. Apporte une<span class=\"excerpt-hellip\"> [\u2026]<\/span><\/p>\n","protected":false},"featured_media":200779,"comment_status":"open","ping_status":"closed","template":"","meta":[],"product_cat":[8583,8456],"product_tag":[],"_links":{"self":[{"href":"https:\/\/www.laperlavalles.cat\/fr\/wp-json\/wp\/v2\/product\/200783"}],"collection":[{"href":"https:\/\/www.laperlavalles.cat\/fr\/wp-json\/wp\/v2\/product"}],"about":[{"href":"https:\/\/www.laperlavalles.cat\/fr\/wp-json\/wp\/v2\/types\/product"}],"replies":[{"embeddable":true,"href":"https:\/\/www.laperlavalles.cat\/fr\/wp-json\/wp\/v2\/comments?post=200783"}],"wp:featuredmedia":[{"embeddable":true,"href":"https:\/\/www.laperlavalles.cat\/fr\/wp-json\/wp\/v2\/media\/200779"}],"wp:attachment":[{"href":"https:\/\/www.laperlavalles.cat\/fr\/wp-json\/wp\/v2\/media?parent=200783"}],"wp:term":[{"taxonomy":"product_cat","embeddable":true,"href":"https:\/\/www.laperlavalles.cat\/fr\/wp-json\/wp\/v2\/product_cat?post=200783"},{"taxonomy":"product_tag","embeddable":true,"href":"https:\/\/www.laperlavalles.cat\/fr\/wp-json\/wp\/v2\/product_tag?post=200783"}],"curies":[{"name":"wp","href":"https:\/\/api.w.org\/{rel}","templated":true}]}}