{"id":200814,"date":"2025-07-04T08:40:58","date_gmt":"2025-07-04T06:41:19","guid":{"rendered":"https:\/\/www.laperlavalles.cat\/product\/garden-eggs-unifresh-800g\/"},"modified":"2025-07-04T08:45:09","modified_gmt":"2025-07-04T06:45:09","slug":"garden-eggs-unifresh-800g","status":"publish","type":"product","link":"https:\/\/www.laperlavalles.cat\/fr\/produit\/garden-eggs-unifresh-800g\/","title":{"rendered":"GARDEN EGGS UNIFRESH 800G"},"content":{"rendered":"<p>GARDEN EGGS UNIFRESH 800G sont de petits fruits de la famille de l\u2019aubergine, \u00e9galement connus sous le nom d\u2019aubergine blanche. Ils ont une forme arrondie ou en goutte et une couleur blanche caract\u00e9ristique. Tr\u00e8s populaires dans la cuisine africaine, les garden eggs se distinguent par leur saveur l\u00e9g\u00e8rement douce et am\u00e8re \u00e0 la fois, ce qui les rend id\u00e9aux pour les rago\u00fbts, soupes et mijot\u00e9s.<\/p>\n","protected":false},"excerpt":{"rendered":"<p>GARDEN EGGS UNIFRESH 800G sont de petits fruits de la famille de l\u2019aubergine, \u00e9galement connus sous le nom d\u2019aubergine blanche. Ils ont une forme arrondie ou<span class=\"excerpt-hellip\"> [\u2026]<\/span><\/p>\n","protected":false},"featured_media":200797,"comment_status":"open","ping_status":"closed","template":"","meta":[],"product_cat":[10616],"product_tag":[],"_links":{"self":[{"href":"https:\/\/www.laperlavalles.cat\/fr\/wp-json\/wp\/v2\/product\/200814"}],"collection":[{"href":"https:\/\/www.laperlavalles.cat\/fr\/wp-json\/wp\/v2\/product"}],"about":[{"href":"https:\/\/www.laperlavalles.cat\/fr\/wp-json\/wp\/v2\/types\/product"}],"replies":[{"embeddable":true,"href":"https:\/\/www.laperlavalles.cat\/fr\/wp-json\/wp\/v2\/comments?post=200814"}],"wp:featuredmedia":[{"embeddable":true,"href":"https:\/\/www.laperlavalles.cat\/fr\/wp-json\/wp\/v2\/media\/200797"}],"wp:attachment":[{"href":"https:\/\/www.laperlavalles.cat\/fr\/wp-json\/wp\/v2\/media?parent=200814"}],"wp:term":[{"taxonomy":"product_cat","embeddable":true,"href":"https:\/\/www.laperlavalles.cat\/fr\/wp-json\/wp\/v2\/product_cat?post=200814"},{"taxonomy":"product_tag","embeddable":true,"href":"https:\/\/www.laperlavalles.cat\/fr\/wp-json\/wp\/v2\/product_tag?post=200814"}],"curies":[{"name":"wp","href":"https:\/\/api.w.org\/{rel}","templated":true}]}}