{"id":200894,"date":"2025-07-04T08:59:23","date_gmt":"2025-07-04T06:59:23","guid":{"rendered":"https:\/\/www.laperlavalles.cat\/product\/pea-aubergine-unifresh-800g-5\/"},"modified":"2025-07-04T08:59:23","modified_gmt":"2025-07-04T06:59:23","slug":"pea-aubergine-unifresh-800g-5","status":"publish","type":"product","link":"https:\/\/www.laperlavalles.cat\/fr\/produit\/pea-aubergine-unifresh-800g-5\/","title":{"rendered":"PEA AUBERGINE UNIFRESH 800G"},"content":{"rendered":"<p>PEA AUBERGINE UNIFRESH 800G sont de petits fruits verts et ronds de la famille de l\u2019aubergine, \u00e9galement appel\u00e9s \u201caubergine pois\u201d. Tr\u00e8s utilis\u00e9s dans la cuisine africaine et asiatique, ils se distinguent par leur texture ferme et leur saveur l\u00e9g\u00e8rement am\u00e8re, id\u00e9als pour les rago\u00fbts, soupes et currys.<\/p>\n","protected":false},"excerpt":{"rendered":"<p>PEA AUBERGINE UNIFRESH 800G sont de petits fruits verts et ronds de la famille de l\u2019aubergine, \u00e9galement appel\u00e9s \u201caubergine pois\u201d. Tr\u00e8s utilis\u00e9s dans la cuisine africaine<span class=\"excerpt-hellip\"> [\u2026]<\/span><\/p>\n","protected":false},"featured_media":200890,"comment_status":"open","ping_status":"closed","template":"","meta":[],"product_cat":[36],"product_tag":[],"_links":{"self":[{"href":"https:\/\/www.laperlavalles.cat\/fr\/wp-json\/wp\/v2\/product\/200894"}],"collection":[{"href":"https:\/\/www.laperlavalles.cat\/fr\/wp-json\/wp\/v2\/product"}],"about":[{"href":"https:\/\/www.laperlavalles.cat\/fr\/wp-json\/wp\/v2\/types\/product"}],"replies":[{"embeddable":true,"href":"https:\/\/www.laperlavalles.cat\/fr\/wp-json\/wp\/v2\/comments?post=200894"}],"wp:featuredmedia":[{"embeddable":true,"href":"https:\/\/www.laperlavalles.cat\/fr\/wp-json\/wp\/v2\/media\/200890"}],"wp:attachment":[{"href":"https:\/\/www.laperlavalles.cat\/fr\/wp-json\/wp\/v2\/media?parent=200894"}],"wp:term":[{"taxonomy":"product_cat","embeddable":true,"href":"https:\/\/www.laperlavalles.cat\/fr\/wp-json\/wp\/v2\/product_cat?post=200894"},{"taxonomy":"product_tag","embeddable":true,"href":"https:\/\/www.laperlavalles.cat\/fr\/wp-json\/wp\/v2\/product_tag?post=200894"}],"curies":[{"name":"wp","href":"https:\/\/api.w.org\/{rel}","templated":true}]}}