{"id":200914,"date":"2025-07-04T09:01:01","date_gmt":"2025-07-04T07:01:22","guid":{"rendered":"https:\/\/www.laperlavalles.cat\/product\/boisson-inst-starling-miel-citron-ginger-400g\/"},"modified":"2025-07-04T09:26:23","modified_gmt":"2025-07-04T07:26:23","slug":"boisson-inst-starling-miel-citron-ginger-400g","status":"publish","type":"product","link":"https:\/\/www.laperlavalles.cat\/fr\/produit\/boisson-inst-starling-miel-citron-ginger-400g\/","title":{"rendered":"BOISSON INST. STARLING MIEL CITRON GINGER 400G"},"content":{"rendered":"<p>Boisson instantan\u00e9e Starling miel, citron et gingembre 400g : Pr\u00e9paration en poudre pour boisson instantan\u00e9e \u00e0 base de miel, citron et gingembre. Id\u00e9ale chaude ou froide, elle offre une saveur rafra\u00eechissante et r\u00e9confortante, parfaite \u00e0 tout moment de la journ\u00e9e<\/p>\n","protected":false},"excerpt":{"rendered":"<p>Boisson instantan\u00e9e Starling miel, citron et gingembre 400g : Pr\u00e9paration en poudre pour boisson instantan\u00e9e \u00e0 base de miel, citron et gingembre. Id\u00e9ale chaude ou froide,<span class=\"excerpt-hellip\"> [\u2026]<\/span><\/p>\n","protected":false},"featured_media":200897,"comment_status":"open","ping_status":"closed","template":"","meta":[],"product_cat":[8600,8446],"product_tag":[],"_links":{"self":[{"href":"https:\/\/www.laperlavalles.cat\/fr\/wp-json\/wp\/v2\/product\/200914"}],"collection":[{"href":"https:\/\/www.laperlavalles.cat\/fr\/wp-json\/wp\/v2\/product"}],"about":[{"href":"https:\/\/www.laperlavalles.cat\/fr\/wp-json\/wp\/v2\/types\/product"}],"replies":[{"embeddable":true,"href":"https:\/\/www.laperlavalles.cat\/fr\/wp-json\/wp\/v2\/comments?post=200914"}],"wp:featuredmedia":[{"embeddable":true,"href":"https:\/\/www.laperlavalles.cat\/fr\/wp-json\/wp\/v2\/media\/200897"}],"wp:attachment":[{"href":"https:\/\/www.laperlavalles.cat\/fr\/wp-json\/wp\/v2\/media?parent=200914"}],"wp:term":[{"taxonomy":"product_cat","embeddable":true,"href":"https:\/\/www.laperlavalles.cat\/fr\/wp-json\/wp\/v2\/product_cat?post=200914"},{"taxonomy":"product_tag","embeddable":true,"href":"https:\/\/www.laperlavalles.cat\/fr\/wp-json\/wp\/v2\/product_tag?post=200914"}],"curies":[{"name":"wp","href":"https:\/\/api.w.org\/{rel}","templated":true}]}}