{"id":200954,"date":"2025-07-04T09:04:49","date_gmt":"2025-07-04T07:04:49","guid":{"rendered":"https:\/\/www.laperlavalles.cat\/product\/kable-nayama-100gr-2\/"},"modified":"2025-07-04T09:04:49","modified_gmt":"2025-07-04T07:04:49","slug":"kable-nayama-100gr-2","status":"publish","type":"product","link":"https:\/\/www.laperlavalles.cat\/fr\/produit\/kable-nayama-100gr-2\/","title":{"rendered":"KABLE NAYAMA 100GR"},"content":{"rendered":"<p>KABLE NAYAMA 100GR sont des feuilles s\u00e9ch\u00e9es de curcuma, utilis\u00e9es comme condiment et aromatisant dans de nombreuses recettes africaines et asiatiques. Ces feuilles apportent un ar\u00f4me frais et une touche particuli\u00e8re aux rago\u00fbts, soupes et plats traditionnels.<\/p>\n","protected":false},"excerpt":{"rendered":"<p>KABLE NAYAMA 100GR sont des feuilles s\u00e9ch\u00e9es de curcuma, utilis\u00e9es comme condiment et aromatisant dans de nombreuses recettes africaines et asiatiques. Ces feuilles apportent un ar\u00f4me<span class=\"excerpt-hellip\"> [\u2026]<\/span><\/p>\n","protected":false},"featured_media":200950,"comment_status":"open","ping_status":"closed","template":"","meta":[],"product_cat":[8588],"product_tag":[],"_links":{"self":[{"href":"https:\/\/www.laperlavalles.cat\/fr\/wp-json\/wp\/v2\/product\/200954"}],"collection":[{"href":"https:\/\/www.laperlavalles.cat\/fr\/wp-json\/wp\/v2\/product"}],"about":[{"href":"https:\/\/www.laperlavalles.cat\/fr\/wp-json\/wp\/v2\/types\/product"}],"replies":[{"embeddable":true,"href":"https:\/\/www.laperlavalles.cat\/fr\/wp-json\/wp\/v2\/comments?post=200954"}],"wp:featuredmedia":[{"embeddable":true,"href":"https:\/\/www.laperlavalles.cat\/fr\/wp-json\/wp\/v2\/media\/200950"}],"wp:attachment":[{"href":"https:\/\/www.laperlavalles.cat\/fr\/wp-json\/wp\/v2\/media?parent=200954"}],"wp:term":[{"taxonomy":"product_cat","embeddable":true,"href":"https:\/\/www.laperlavalles.cat\/fr\/wp-json\/wp\/v2\/product_cat?post=200954"},{"taxonomy":"product_tag","embeddable":true,"href":"https:\/\/www.laperlavalles.cat\/fr\/wp-json\/wp\/v2\/product_tag?post=200954"}],"curies":[{"name":"wp","href":"https:\/\/api.w.org\/{rel}","templated":true}]}}