{"id":201034,"date":"2025-07-04T09:11:00","date_gmt":"2025-07-04T07:11:18","guid":{"rendered":"https:\/\/www.laperlavalles.cat\/product\/riz-complet-parfume-umbrella\/"},"modified":"2025-07-04T09:22:40","modified_gmt":"2025-07-04T07:22:40","slug":"riz-complet-parfume-umbrella","status":"publish","type":"product","link":"https:\/\/www.laperlavalles.cat\/fr\/produit\/riz-complet-parfume-umbrella\/","title":{"rendered":"RIZ COMPLET PARFUM\u00c9 UMBRELLA"},"content":{"rendered":"<p>Riz parfum\u00e9 Royal Umbrella de Tha\u00eflande.<\/p>\n","protected":false},"excerpt":{"rendered":"<p>Riz parfum\u00e9 Royal Umbrella de Tha\u00eflande.<\/p>\n","protected":false},"featured_media":201017,"comment_status":"open","ping_status":"closed","template":"","meta":[],"product_cat":[8455,8598],"product_tag":[],"_links":{"self":[{"href":"https:\/\/www.laperlavalles.cat\/fr\/wp-json\/wp\/v2\/product\/201034"}],"collection":[{"href":"https:\/\/www.laperlavalles.cat\/fr\/wp-json\/wp\/v2\/product"}],"about":[{"href":"https:\/\/www.laperlavalles.cat\/fr\/wp-json\/wp\/v2\/types\/product"}],"replies":[{"embeddable":true,"href":"https:\/\/www.laperlavalles.cat\/fr\/wp-json\/wp\/v2\/comments?post=201034"}],"wp:featuredmedia":[{"embeddable":true,"href":"https:\/\/www.laperlavalles.cat\/fr\/wp-json\/wp\/v2\/media\/201017"}],"wp:attachment":[{"href":"https:\/\/www.laperlavalles.cat\/fr\/wp-json\/wp\/v2\/media?parent=201034"}],"wp:term":[{"taxonomy":"product_cat","embeddable":true,"href":"https:\/\/www.laperlavalles.cat\/fr\/wp-json\/wp\/v2\/product_cat?post=201034"},{"taxonomy":"product_tag","embeddable":true,"href":"https:\/\/www.laperlavalles.cat\/fr\/wp-json\/wp\/v2\/product_tag?post=201034"}],"curies":[{"name":"wp","href":"https:\/\/api.w.org\/{rel}","templated":true}]}}