{"id":201074,"date":"2025-07-04T09:14:29","date_gmt":"2025-07-04T07:14:45","guid":{"rendered":"https:\/\/www.laperlavalles.cat\/product\/tom-brown-unifresh-700g\/"},"modified":"2025-07-04T09:30:32","modified_gmt":"2025-07-04T07:30:32","slug":"tom-brown-unifresh-700g","status":"publish","type":"product","link":"https:\/\/www.laperlavalles.cat\/fr\/produit\/tom-brown-unifresh-700g\/","title":{"rendered":"TOM BROWN UNIFRESH 700G"},"content":{"rendered":"<p>Tom Brown Unifresh est un m\u00e9lange traditionnel africain de c\u00e9r\u00e9ales grill\u00e9es, compos\u00e9 principalement de ma\u00efs, de millet, d\u2019arachides et de soja. Riche en nutriments, vitamines et min\u00e9raux, il sert \u00e0 pr\u00e9parer une bouillie \u00e9paisse et nourrissante, id\u00e9ale pour le petit-d\u00e9jeuner des enfants et des adultes. Il suffit de le m\u00e9langer avec de l\u2019eau ou du lait chaud pour profiter d\u2019un petit-d\u00e9jeuner sain et \u00e9nerg\u00e9tique<\/p>\n","protected":false},"excerpt":{"rendered":"<p>Tom Brown Unifresh est un m\u00e9lange traditionnel africain de c\u00e9r\u00e9ales grill\u00e9es, compos\u00e9 principalement de ma\u00efs, de millet, d\u2019arachides et de soja. Riche en nutriments, vitamines et<span class=\"excerpt-hellip\"> [\u2026]<\/span><\/p>\n","protected":false},"featured_media":201057,"comment_status":"open","ping_status":"closed","template":"","meta":[],"product_cat":[8589,8456],"product_tag":[],"_links":{"self":[{"href":"https:\/\/www.laperlavalles.cat\/fr\/wp-json\/wp\/v2\/product\/201074"}],"collection":[{"href":"https:\/\/www.laperlavalles.cat\/fr\/wp-json\/wp\/v2\/product"}],"about":[{"href":"https:\/\/www.laperlavalles.cat\/fr\/wp-json\/wp\/v2\/types\/product"}],"replies":[{"embeddable":true,"href":"https:\/\/www.laperlavalles.cat\/fr\/wp-json\/wp\/v2\/comments?post=201074"}],"wp:featuredmedia":[{"embeddable":true,"href":"https:\/\/www.laperlavalles.cat\/fr\/wp-json\/wp\/v2\/media\/201057"}],"wp:attachment":[{"href":"https:\/\/www.laperlavalles.cat\/fr\/wp-json\/wp\/v2\/media?parent=201074"}],"wp:term":[{"taxonomy":"product_cat","embeddable":true,"href":"https:\/\/www.laperlavalles.cat\/fr\/wp-json\/wp\/v2\/product_cat?post=201074"},{"taxonomy":"product_tag","embeddable":true,"href":"https:\/\/www.laperlavalles.cat\/fr\/wp-json\/wp\/v2\/product_tag?post=201074"}],"curies":[{"name":"wp","href":"https:\/\/api.w.org\/{rel}","templated":true}]}}