{"id":201281,"date":"2026-04-10T10:47:52","date_gmt":"2026-04-10T08:47:52","guid":{"rendered":"https:\/\/www.laperlavalles.cat\/product\/glutamate-monosodique-pearl-river-bridge-500-g-8\/"},"modified":"2026-04-10T10:47:52","modified_gmt":"2026-04-10T08:47:52","slug":"glutamate-monosodique-pearl-river-bridge-500-g-8","status":"publish","type":"product","link":"https:\/\/www.laperlavalles.cat\/fr\/produit\/glutamate-monosodique-pearl-river-bridge-500-g-8\/","title":{"rendered":"Glutamate monosodique Pearl River Bridge 500 g"},"content":{"rendered":"<p>Additif exhausteur de go\u00fbt apportant l\u2019\u00ab umami \u00bb. Utilis\u00e9 mod\u00e9r\u00e9ment, s\u00fbr pour la consommation.<\/p>\n","protected":false},"excerpt":{"rendered":"<p>Additif exhausteur de go\u00fbt apportant l\u2019\u00ab umami \u00bb. Utilis\u00e9 mod\u00e9r\u00e9ment, s\u00fbr pour la consommation.<\/p>\n","protected":false},"featured_media":201277,"comment_status":"open","ping_status":"closed","template":"","meta":[],"product_cat":[36],"product_tag":[],"_links":{"self":[{"href":"https:\/\/www.laperlavalles.cat\/fr\/wp-json\/wp\/v2\/product\/201281"}],"collection":[{"href":"https:\/\/www.laperlavalles.cat\/fr\/wp-json\/wp\/v2\/product"}],"about":[{"href":"https:\/\/www.laperlavalles.cat\/fr\/wp-json\/wp\/v2\/types\/product"}],"replies":[{"embeddable":true,"href":"https:\/\/www.laperlavalles.cat\/fr\/wp-json\/wp\/v2\/comments?post=201281"}],"wp:featuredmedia":[{"embeddable":true,"href":"https:\/\/www.laperlavalles.cat\/fr\/wp-json\/wp\/v2\/media\/201277"}],"wp:attachment":[{"href":"https:\/\/www.laperlavalles.cat\/fr\/wp-json\/wp\/v2\/media?parent=201281"}],"wp:term":[{"taxonomy":"product_cat","embeddable":true,"href":"https:\/\/www.laperlavalles.cat\/fr\/wp-json\/wp\/v2\/product_cat?post=201281"},{"taxonomy":"product_tag","embeddable":true,"href":"https:\/\/www.laperlavalles.cat\/fr\/wp-json\/wp\/v2\/product_tag?post=201281"}],"curies":[{"name":"wp","href":"https:\/\/api.w.org\/{rel}","templated":true}]}}