{"id":201316,"date":"2026-04-10T10:49:51","date_gmt":"2026-04-10T08:49:51","guid":{"rendered":"https:\/\/www.laperlavalles.cat\/product\/glutamate-monosodique-pearl-river-bridge-1-kg-2\/"},"modified":"2026-04-10T10:49:51","modified_gmt":"2026-04-10T08:49:51","slug":"glutamate-monosodique-pearl-river-bridge-1-kg-2","status":"publish","type":"product","link":"https:\/\/www.laperlavalles.cat\/fr\/produit\/glutamate-monosodique-pearl-river-bridge-1-kg-2\/","title":{"rendered":"Glutamate monosodique Pearl River Bridge 1 kg"},"content":{"rendered":"<p>Additif exhausteur de go\u00fbt  apportant l\u2019\u00ab umami \u00bb. Utilis\u00e9 mod\u00e9r\u00e9ment, s\u00fbr pour la consommation.<\/p>\n","protected":false},"excerpt":{"rendered":"<p>Additif exhausteur de go\u00fbt apportant l\u2019\u00ab umami \u00bb. Utilis\u00e9 mod\u00e9r\u00e9ment, s\u00fbr pour la consommation.<\/p>\n","protected":false},"featured_media":201312,"comment_status":"open","ping_status":"closed","template":"","meta":[],"product_cat":[36],"product_tag":[],"_links":{"self":[{"href":"https:\/\/www.laperlavalles.cat\/fr\/wp-json\/wp\/v2\/product\/201316"}],"collection":[{"href":"https:\/\/www.laperlavalles.cat\/fr\/wp-json\/wp\/v2\/product"}],"about":[{"href":"https:\/\/www.laperlavalles.cat\/fr\/wp-json\/wp\/v2\/types\/product"}],"replies":[{"embeddable":true,"href":"https:\/\/www.laperlavalles.cat\/fr\/wp-json\/wp\/v2\/comments?post=201316"}],"wp:featuredmedia":[{"embeddable":true,"href":"https:\/\/www.laperlavalles.cat\/fr\/wp-json\/wp\/v2\/media\/201312"}],"wp:attachment":[{"href":"https:\/\/www.laperlavalles.cat\/fr\/wp-json\/wp\/v2\/media?parent=201316"}],"wp:term":[{"taxonomy":"product_cat","embeddable":true,"href":"https:\/\/www.laperlavalles.cat\/fr\/wp-json\/wp\/v2\/product_cat?post=201316"},{"taxonomy":"product_tag","embeddable":true,"href":"https:\/\/www.laperlavalles.cat\/fr\/wp-json\/wp\/v2\/product_tag?post=201316"}],"curies":[{"name":"wp","href":"https:\/\/api.w.org\/{rel}","templated":true}]}}