{"id":201366,"date":"2026-04-10T10:51:52","date_gmt":"2026-04-10T08:52:10","guid":{"rendered":"https:\/\/www.laperlavalles.cat\/product\/mortadelle-chahira-piquante-280g\/"},"modified":"2026-04-10T11:07:35","modified_gmt":"2026-04-10T09:07:35","slug":"mortadelle-chahira-piquante-280g","status":"publish","type":"product","link":"https:\/\/www.laperlavalles.cat\/fr\/produit\/mortadelle-chahira-piquante-280g\/","title":{"rendered":"MORTADELLE CHAHIRA PIQUANTE 280G"},"content":{"rendered":"<p>Mortadelle \u00e9labor\u00e9e avec des viandes s\u00e9lectionn\u00e9es et un assaisonnement piquant pour une saveur intense et authentique. Produit certifi\u00e9 Halal, id\u00e9al pour sandwichs et ap\u00e9ritifs.<\/p>\n","protected":false},"excerpt":{"rendered":"<p>Mortadelle \u00e9labor\u00e9e avec des viandes s\u00e9lectionn\u00e9es et un assaisonnement piquant pour une saveur intense et authentique. Produit certifi\u00e9 Halal, id\u00e9al pour sandwichs et ap\u00e9ritifs.<\/p>\n","protected":false},"featured_media":201334,"comment_status":"open","ping_status":"closed","template":"","meta":[],"product_cat":[10616],"product_tag":[],"_links":{"self":[{"href":"https:\/\/www.laperlavalles.cat\/fr\/wp-json\/wp\/v2\/product\/201366"}],"collection":[{"href":"https:\/\/www.laperlavalles.cat\/fr\/wp-json\/wp\/v2\/product"}],"about":[{"href":"https:\/\/www.laperlavalles.cat\/fr\/wp-json\/wp\/v2\/types\/product"}],"replies":[{"embeddable":true,"href":"https:\/\/www.laperlavalles.cat\/fr\/wp-json\/wp\/v2\/comments?post=201366"}],"wp:featuredmedia":[{"embeddable":true,"href":"https:\/\/www.laperlavalles.cat\/fr\/wp-json\/wp\/v2\/media\/201334"}],"wp:attachment":[{"href":"https:\/\/www.laperlavalles.cat\/fr\/wp-json\/wp\/v2\/media?parent=201366"}],"wp:term":[{"taxonomy":"product_cat","embeddable":true,"href":"https:\/\/www.laperlavalles.cat\/fr\/wp-json\/wp\/v2\/product_cat?post=201366"},{"taxonomy":"product_tag","embeddable":true,"href":"https:\/\/www.laperlavalles.cat\/fr\/wp-json\/wp\/v2\/product_tag?post=201366"}],"curies":[{"name":"wp","href":"https:\/\/api.w.org\/{rel}","templated":true}]}}