{"id":201406,"date":"2026-04-10T11:03:02","date_gmt":"2026-04-10T09:03:20","guid":{"rendered":"https:\/\/www.laperlavalles.cat\/product\/mortadelle-aux-olives-nasma-220g\/"},"modified":"2026-04-10T11:09:39","modified_gmt":"2026-04-10T09:09:39","slug":"mortadelle-aux-olives-nasma-220g","status":"publish","type":"product","link":"https:\/\/www.laperlavalles.cat\/fr\/produit\/mortadelle-aux-olives-nasma-220g\/","title":{"rendered":"MORTADELLE AUX OLIVES NASMA 220G"},"content":{"rendered":"<p>Mortadelle \u00e9labor\u00e9e avec des viandes s\u00e9lectionn\u00e9es et des olives offrant une saveur caract\u00e9ristique et \u00e9quilibr\u00e9e. Produit certifi\u00e9 Halal, id\u00e9al pour sandwichs et ap\u00e9ritifs.<\/p>\n","protected":false},"excerpt":{"rendered":"<p>Mortadelle \u00e9labor\u00e9e avec des viandes s\u00e9lectionn\u00e9es et des olives offrant une saveur caract\u00e9ristique et \u00e9quilibr\u00e9e. Produit certifi\u00e9 Halal, id\u00e9al pour sandwichs et ap\u00e9ritifs.<\/p>\n","protected":false},"featured_media":201389,"comment_status":"open","ping_status":"closed","template":"","meta":[],"product_cat":[10616],"product_tag":[],"_links":{"self":[{"href":"https:\/\/www.laperlavalles.cat\/fr\/wp-json\/wp\/v2\/product\/201406"}],"collection":[{"href":"https:\/\/www.laperlavalles.cat\/fr\/wp-json\/wp\/v2\/product"}],"about":[{"href":"https:\/\/www.laperlavalles.cat\/fr\/wp-json\/wp\/v2\/types\/product"}],"replies":[{"embeddable":true,"href":"https:\/\/www.laperlavalles.cat\/fr\/wp-json\/wp\/v2\/comments?post=201406"}],"wp:featuredmedia":[{"embeddable":true,"href":"https:\/\/www.laperlavalles.cat\/fr\/wp-json\/wp\/v2\/media\/201389"}],"wp:attachment":[{"href":"https:\/\/www.laperlavalles.cat\/fr\/wp-json\/wp\/v2\/media?parent=201406"}],"wp:term":[{"taxonomy":"product_cat","embeddable":true,"href":"https:\/\/www.laperlavalles.cat\/fr\/wp-json\/wp\/v2\/product_cat?post=201406"},{"taxonomy":"product_tag","embeddable":true,"href":"https:\/\/www.laperlavalles.cat\/fr\/wp-json\/wp\/v2\/product_tag?post=201406"}],"curies":[{"name":"wp","href":"https:\/\/api.w.org\/{rel}","templated":true}]}}